{"id":28366,"date":"2023-11-04T00:16:05","date_gmt":"2023-11-03T23:16:05","guid":{"rendered":"http:\/\/innocentiemangonipiante.it\/citrus-x-aurantium\/"},"modified":"2023-11-06T17:54:17","modified_gmt":"2023-11-06T16:54:17","slug":"citrus-x-aurantium","status":"publish","type":"product","link":"https:\/\/innocentiemangonipiante.it\/de\/citrus-x-aurantium\/","title":{"rendered":"CITRUS x aurantium"},"content":{"rendered":"<p>\u201cSauerorange\u201d. Immergr\u00fcner dorniger Baum oder mittlerer Strauch rundlicher bis ausladender Erscheinung. Die gr\u00fcnen bis hellgr\u00fcnen Bl\u00e4tter sind gl\u00e4nzend, l\u00e4nglich und werden bis zu 10 cm lang.Im Fr\u00fchjahr erbl\u00fchen einfache, rein wei\u00dfe, duftende Bl\u00fcten, die rundliche orange Fr\u00fcchte mit einem Durchmesser von 7-10 cm und dicker Schaler hervorbringen, leicht bitter schmeckend.<\/p>\n","protected":false},"excerpt":{"rendered":"<p>\u201cSauerorange\u201d. Immergr\u00fcner dorniger Baum oder mittlerer Strauch rundlicher bis ausladender Erscheinung. Die gr\u00fcnen bis hellgr\u00fcnen Bl\u00e4tter sind gl\u00e4nzend, l\u00e4nglich und werden bis zu 10 cm lang.Im Fr\u00fchjahr erbl\u00fchen einfache, rein wei\u00dfe, duftende Bl\u00fcten, die rundliche orange Fr\u00fcchte mit einem Durchmesser von 7-10 cm und dicker Schaler hervorbringen, leicht bitter schmeckend.<\/p>\n","protected":false},"featured_media":21416,"template":"","meta":{"_acf_changed":false},"product_brand":[],"product_cat":[8816,9231],"product_tag":[10898,8565,8401],"class_list":{"0":"post-28366","1":"product","2":"type-product","3":"status-publish","4":"has-post-thumbnail","6":"product_cat-hartnaeckige-baeume-und-straeucher","7":"product_cat-baume-und-pflanzen-der-zukunft","8":"product_tag-naturlichen","9":"product_tag-halbstamm","10":"product_tag-hochstamm","11":"pa_altezza-massima-800-de","12":"pa_altezza-massima-1000-de-2","13":"pa_colore-fioritura-weis","14":"pa_condizionamento-clt-de","15":"pa_famiglia-rutaceae-de","16":"pa_genere-citrus-de","17":"pa_origine-asien","18":"pa_periodo-fioritura-april-de","19":"pa_periodo-fioritura-mai-de","20":"pa_periodo-fruttificazione-november-de","21":"pa_portamento-arrotondato-de","22":"pa_profumo-intensiv","23":"pa_resistenza-climatica-pflanzen-mit-geringem-klimawiderstand","24":"pa_resistenza-del-suolo-bestandig-gegen-trockene-boden","25":"pa_utilizzo-kleine-gaerten","26":"pa_utilizzo-parks-de","28":"first","29":"instock","30":"purchasable","31":"product-type-simple"},"acf":[],"_links":{"self":[{"href":"https:\/\/innocentiemangonipiante.it\/de\/wp-json\/wp\/v2\/product\/28366","targetHints":{"allow":["GET"]}}],"collection":[{"href":"https:\/\/innocentiemangonipiante.it\/de\/wp-json\/wp\/v2\/product"}],"about":[{"href":"https:\/\/innocentiemangonipiante.it\/de\/wp-json\/wp\/v2\/types\/product"}],"wp:featuredmedia":[{"embeddable":true,"href":"https:\/\/innocentiemangonipiante.it\/de\/wp-json\/wp\/v2\/media\/21416"}],"wp:attachment":[{"href":"https:\/\/innocentiemangonipiante.it\/de\/wp-json\/wp\/v2\/media?parent=28366"}],"wp:term":[{"taxonomy":"product_brand","embeddable":true,"href":"https:\/\/innocentiemangonipiante.it\/de\/wp-json\/wp\/v2\/product_brand?post=28366"},{"taxonomy":"product_cat","embeddable":true,"href":"https:\/\/innocentiemangonipiante.it\/de\/wp-json\/wp\/v2\/product_cat?post=28366"},{"taxonomy":"product_tag","embeddable":true,"href":"https:\/\/innocentiemangonipiante.it\/de\/wp-json\/wp\/v2\/product_tag?post=28366"}],"curies":[{"name":"wp","href":"https:\/\/api.w.org\/{rel}","templated":true}]}}