{"id":28370,"date":"2023-11-04T00:16:20","date_gmt":"2023-11-03T23:16:20","guid":{"rendered":"http:\/\/innocentiemangonipiante.it\/citrus-x-limon\/"},"modified":"2023-11-06T17:54:27","modified_gmt":"2023-11-06T16:54:27","slug":"citrus-x-limon","status":"publish","type":"product","link":"https:\/\/innocentiemangonipiante.it\/de\/citrus-x-limon\/","title":{"rendered":"CITRUS x limon"},"content":{"rendered":"<p>Zitronenbaum. Immergr\u00fcner, unregelm\u00e4\u00dfig ausladender und dorniger Strauch. 7 bis 10 cm lange eif\u00f6rmige, gr\u00fcne bis dunkelgr\u00fcne Bl\u00e4tter. Zu Fr\u00fchjahrsbeginn erbl\u00fchen wei\u00dfe wohlriechende Bl\u00fcten mit rosa Abt\u00f6nungen, aus denen gelbe bis zu 15 cm lange eif\u00f6rmige Fr\u00fcchte hervorgehen.<\/p>\n","protected":false},"excerpt":{"rendered":"<p>Zitronenbaum. Immergr\u00fcner, unregelm\u00e4\u00dfig ausladender und dorniger Strauch. 7 bis 10 cm lange eif\u00f6rmige, gr\u00fcne bis dunkelgr\u00fcne Bl\u00e4tter. Zu Fr\u00fchjahrsbeginn erbl\u00fchen wei\u00dfe wohlriechende Bl\u00fcten mit rosa Abt\u00f6nungen, aus denen gelbe bis zu 15 cm lange eif\u00f6rmige Fr\u00fcchte hervorgehen.<\/p>\n","protected":false},"featured_media":21428,"template":"","meta":{"_acf_changed":false},"product_brand":[],"product_cat":[8816],"product_tag":[10898],"class_list":{"0":"post-28370","1":"product","2":"type-product","3":"status-publish","4":"has-post-thumbnail","6":"product_cat-hartnaeckige-baeume-und-straeucher","7":"product_tag-naturlichen","8":"pa_altezza-massima-300-de","9":"pa_altezza-massima-500-de","10":"pa_colore-fioritura-weis","11":"pa_famiglia-rutaceae-de","12":"pa_genere-citrus-de","13":"pa_origine-asien","14":"pa_periodo-fioritura-april-de","15":"pa_periodo-fioritura-mai-de","16":"pa_periodo-fruttificazione-november-de","17":"pa_portamento-arrotondato-de","18":"pa_profumo-intensiv","19":"pa_resistenza-climatica-pflanzen-mit-geringem-klimawiderstand","20":"pa_resistenza-del-suolo-bestandig-gegen-trockene-boden","21":"pa_utilizzo-kleine-gaerten","22":"pa_utilizzo-parks-de","24":"first","25":"instock","26":"purchasable","27":"product-type-simple"},"acf":[],"_links":{"self":[{"href":"https:\/\/innocentiemangonipiante.it\/de\/wp-json\/wp\/v2\/product\/28370","targetHints":{"allow":["GET"]}}],"collection":[{"href":"https:\/\/innocentiemangonipiante.it\/de\/wp-json\/wp\/v2\/product"}],"about":[{"href":"https:\/\/innocentiemangonipiante.it\/de\/wp-json\/wp\/v2\/types\/product"}],"wp:featuredmedia":[{"embeddable":true,"href":"https:\/\/innocentiemangonipiante.it\/de\/wp-json\/wp\/v2\/media\/21428"}],"wp:attachment":[{"href":"https:\/\/innocentiemangonipiante.it\/de\/wp-json\/wp\/v2\/media?parent=28370"}],"wp:term":[{"taxonomy":"product_brand","embeddable":true,"href":"https:\/\/innocentiemangonipiante.it\/de\/wp-json\/wp\/v2\/product_brand?post=28370"},{"taxonomy":"product_cat","embeddable":true,"href":"https:\/\/innocentiemangonipiante.it\/de\/wp-json\/wp\/v2\/product_cat?post=28370"},{"taxonomy":"product_tag","embeddable":true,"href":"https:\/\/innocentiemangonipiante.it\/de\/wp-json\/wp\/v2\/product_tag?post=28370"}],"curies":[{"name":"wp","href":"https:\/\/api.w.org\/{rel}","templated":true}]}}