{"id":28372,"date":"2023-11-04T00:16:27","date_gmt":"2023-11-03T23:16:27","guid":{"rendered":"http:\/\/innocentiemangonipiante.it\/citrus-x-mitis\/"},"modified":"2023-11-06T17:54:29","modified_gmt":"2023-11-06T16:54:29","slug":"citrus-x-mitis","status":"publish","type":"product","link":"https:\/\/innocentiemangonipiante.it\/de\/citrus-x-mitis\/","title":{"rendered":"CITRUS x mitis"},"content":{"rendered":"<p>Immergr\u00fcner Baum oder mittlerer Strauch rundlichen Wuchses. Ende Fr\u00fchjahr sprie\u00dfen rein wei\u00dfe Bl\u00fcten, aus denen rundliche, gelb-orangefarbene Fr\u00fcchte mit einem Durchmesser von 2,5-3,5 cm hervorgehen. Eine sehr dekorative Pflanze.<\/p>\n","protected":false},"excerpt":{"rendered":"<p>Immergr\u00fcner Baum oder mittlerer Strauch rundlichen Wuchses. Ende Fr\u00fchjahr sprie\u00dfen rein wei\u00dfe Bl\u00fcten, aus denen rundliche, gelb-orangefarbene Fr\u00fcchte mit einem Durchmesser von 2,5-3,5 cm hervorgehen. Eine sehr dekorative Pflanze.<\/p>\n","protected":false},"featured_media":21434,"template":"","meta":{"_acf_changed":false},"product_brand":[],"product_cat":[8816],"product_tag":[10898,8736,8565,8751,9933],"class_list":{"0":"post-28372","1":"product","2":"type-product","3":"status-publish","4":"has-post-thumbnail","6":"product_cat-hartnaeckige-baeume-und-straeucher","7":"product_tag-naturlichen","8":"product_tag-fusstamm","9":"product_tag-halbstamm","10":"product_tag-spalier","11":"product_tag-zirkel","12":"pa_altezza-massima-300-de","13":"pa_altezza-massima-500-de","14":"pa_colore-fioritura-weis","15":"pa_condizionamento-clt-de","16":"pa_famiglia-rutaceae-de","17":"pa_genere-citrus-de","18":"pa_origine-asien","19":"pa_periodo-fioritura-april-de","20":"pa_periodo-fioritura-mai-de","21":"pa_periodo-fruttificazione-november-de","22":"pa_portamento-arrotondato-de","23":"pa_profumo-intensiv","24":"pa_resistenza-climatica-pflanzen-mit-geringem-klimawiderstand","25":"pa_resistenza-del-suolo-bestandig-gegen-trockene-boden","26":"pa_utilizzo-kleine-gaerten","27":"pa_utilizzo-parks-de","29":"first","30":"instock","31":"purchasable","32":"product-type-simple"},"acf":[],"_links":{"self":[{"href":"https:\/\/innocentiemangonipiante.it\/de\/wp-json\/wp\/v2\/product\/28372","targetHints":{"allow":["GET"]}}],"collection":[{"href":"https:\/\/innocentiemangonipiante.it\/de\/wp-json\/wp\/v2\/product"}],"about":[{"href":"https:\/\/innocentiemangonipiante.it\/de\/wp-json\/wp\/v2\/types\/product"}],"wp:featuredmedia":[{"embeddable":true,"href":"https:\/\/innocentiemangonipiante.it\/de\/wp-json\/wp\/v2\/media\/21434"}],"wp:attachment":[{"href":"https:\/\/innocentiemangonipiante.it\/de\/wp-json\/wp\/v2\/media?parent=28372"}],"wp:term":[{"taxonomy":"product_brand","embeddable":true,"href":"https:\/\/innocentiemangonipiante.it\/de\/wp-json\/wp\/v2\/product_brand?post=28372"},{"taxonomy":"product_cat","embeddable":true,"href":"https:\/\/innocentiemangonipiante.it\/de\/wp-json\/wp\/v2\/product_cat?post=28372"},{"taxonomy":"product_tag","embeddable":true,"href":"https:\/\/innocentiemangonipiante.it\/de\/wp-json\/wp\/v2\/product_tag?post=28372"}],"curies":[{"name":"wp","href":"https:\/\/api.w.org\/{rel}","templated":true}]}}