{"id":28376,"date":"2023-11-04T00:16:49","date_gmt":"2023-11-03T23:16:49","guid":{"rendered":"http:\/\/innocentiemangonipiante.it\/citrus-x-paradisi\/"},"modified":"2023-11-06T17:54:38","modified_gmt":"2023-11-06T16:54:38","slug":"citrus-x-paradisi","status":"publish","type":"product","link":"https:\/\/innocentiemangonipiante.it\/de\/citrus-x-paradisi\/","title":{"rendered":"CITRUS x paradisi"},"content":{"rendered":"<p>L\u00e4ngliche bis zu 10 cm lange Bl\u00e4tter. Im Fr\u00fchjahr erbl\u00fchen wei\u00dfe Bl\u00fcten, die gro\u00dfe rundliche, gelbe e\u00dfbare Fr\u00fcchte hervorbringen.<\/p>\n","protected":false},"excerpt":{"rendered":"<p>L\u00e4ngliche bis zu 10 cm lange Bl\u00e4tter. Im Fr\u00fchjahr erbl\u00fchen wei\u00dfe Bl\u00fcten, die gro\u00dfe rundliche, gelbe e\u00dfbare Fr\u00fcchte hervorbringen.<\/p>\n","protected":false},"featured_media":21447,"template":"","meta":{"_acf_changed":false},"product_brand":[],"product_cat":[8816],"product_tag":[10898,8736,8565,8751,9933],"class_list":{"0":"post-28376","1":"product","2":"type-product","3":"status-publish","4":"has-post-thumbnail","6":"product_cat-hartnaeckige-baeume-und-straeucher","7":"product_tag-naturlichen","8":"product_tag-fusstamm","9":"product_tag-halbstamm","10":"product_tag-spalier","11":"product_tag-zirkel","12":"pa_altezza-massima-500-de","13":"pa_altezza-massima-800-de","14":"pa_colore-fioritura-weis","15":"pa_condizionamento-clt-de","16":"pa_famiglia-rutaceae-de","17":"pa_genere-citrus-de","18":"pa_origine-mexiko","19":"pa_periodo-fioritura-april-de","20":"pa_periodo-fruttificazione-november-de","21":"pa_portamento-arrotondato-de","22":"pa_profumo-intensiv","23":"pa_resistenza-climatica-pflanzen-mit-geringem-klimawiderstand","24":"pa_resistenza-del-suolo-bestandig-gegen-trockene-boden","25":"pa_utilizzo-kleine-gaerten","26":"pa_utilizzo-parks-de","28":"first","29":"instock","30":"purchasable","31":"product-type-simple"},"acf":[],"_links":{"self":[{"href":"https:\/\/innocentiemangonipiante.it\/de\/wp-json\/wp\/v2\/product\/28376","targetHints":{"allow":["GET"]}}],"collection":[{"href":"https:\/\/innocentiemangonipiante.it\/de\/wp-json\/wp\/v2\/product"}],"about":[{"href":"https:\/\/innocentiemangonipiante.it\/de\/wp-json\/wp\/v2\/types\/product"}],"wp:featuredmedia":[{"embeddable":true,"href":"https:\/\/innocentiemangonipiante.it\/de\/wp-json\/wp\/v2\/media\/21447"}],"wp:attachment":[{"href":"https:\/\/innocentiemangonipiante.it\/de\/wp-json\/wp\/v2\/media?parent=28376"}],"wp:term":[{"taxonomy":"product_brand","embeddable":true,"href":"https:\/\/innocentiemangonipiante.it\/de\/wp-json\/wp\/v2\/product_brand?post=28376"},{"taxonomy":"product_cat","embeddable":true,"href":"https:\/\/innocentiemangonipiante.it\/de\/wp-json\/wp\/v2\/product_cat?post=28376"},{"taxonomy":"product_tag","embeddable":true,"href":"https:\/\/innocentiemangonipiante.it\/de\/wp-json\/wp\/v2\/product_tag?post=28376"}],"curies":[{"name":"wp","href":"https:\/\/api.w.org\/{rel}","templated":true}]}}