{"id":28377,"date":"2023-11-04T00:17:00","date_gmt":"2023-11-03T23:17:00","guid":{"rendered":"http:\/\/innocentiemangonipiante.it\/citrus-x-sinensis\/"},"modified":"2023-11-06T17:54:42","modified_gmt":"2023-11-06T16:54:42","slug":"citrus-x-sinensis","status":"publish","type":"product","link":"https:\/\/innocentiemangonipiante.it\/de\/citrus-x-sinensis\/","title":{"rendered":"CITRUS x sinensis"},"content":{"rendered":"<p>\u201cOrangenbaum\u201d. Immergr\u00fcner Baum oder mittlerer Strauch mit ovalen gr\u00fcnen bis 10 cm langen Bl\u00e4ttern. Ende Fr\u00fchjahr erbl\u00fchen rein wei\u00dfe Bl\u00fcten, die rundliche orangefarbene Fr\u00fcchte mit einem Durchmesser von 6-8 cm hervorbringen.<\/p>\n","protected":false},"excerpt":{"rendered":"<p>\u201cOrangenbaum\u201d. Immergr\u00fcner Baum oder mittlerer Strauch mit ovalen gr\u00fcnen bis 10 cm langen Bl\u00e4ttern. Ende Fr\u00fchjahr erbl\u00fchen rein wei\u00dfe Bl\u00fcten, die rundliche orangefarbene Fr\u00fcchte mit einem Durchmesser von 6-8 cm hervorbringen.<\/p>\n","protected":false},"featured_media":21453,"template":"","meta":{"_acf_changed":false},"product_brand":[],"product_cat":[8816],"product_tag":[10898,8736,8565,8751,9933],"class_list":{"0":"post-28377","1":"product","2":"type-product","3":"status-publish","4":"has-post-thumbnail","6":"product_cat-hartnaeckige-baeume-und-straeucher","7":"product_tag-naturlichen","8":"product_tag-fusstamm","9":"product_tag-halbstamm","10":"product_tag-spalier","11":"product_tag-zirkel","12":"pa_altezza-massima-600-de","13":"pa_altezza-massima-12-meter","14":"pa_colore-fioritura-weis","15":"pa_condizionamento-clt-de","16":"pa_famiglia-rutaceae-de","17":"pa_genere-citrus-de","18":"pa_origine-asien","19":"pa_periodo-fioritura-april-de","20":"pa_periodo-fioritura-mai-de","21":"pa_periodo-fruttificazione-november-de","22":"pa_portamento-arrotondato-de","23":"pa_profumo-intensiv","24":"pa_resistenza-climatica-pflanzen-mit-geringem-klimawiderstand","25":"pa_resistenza-del-suolo-bestandig-gegen-trockene-boden","26":"pa_utilizzo-kleine-gaerten","27":"pa_utilizzo-parks-de","29":"first","30":"instock","31":"purchasable","32":"product-type-simple"},"acf":[],"_links":{"self":[{"href":"https:\/\/innocentiemangonipiante.it\/de\/wp-json\/wp\/v2\/product\/28377","targetHints":{"allow":["GET"]}}],"collection":[{"href":"https:\/\/innocentiemangonipiante.it\/de\/wp-json\/wp\/v2\/product"}],"about":[{"href":"https:\/\/innocentiemangonipiante.it\/de\/wp-json\/wp\/v2\/types\/product"}],"wp:featuredmedia":[{"embeddable":true,"href":"https:\/\/innocentiemangonipiante.it\/de\/wp-json\/wp\/v2\/media\/21453"}],"wp:attachment":[{"href":"https:\/\/innocentiemangonipiante.it\/de\/wp-json\/wp\/v2\/media?parent=28377"}],"wp:term":[{"taxonomy":"product_brand","embeddable":true,"href":"https:\/\/innocentiemangonipiante.it\/de\/wp-json\/wp\/v2\/product_brand?post=28377"},{"taxonomy":"product_cat","embeddable":true,"href":"https:\/\/innocentiemangonipiante.it\/de\/wp-json\/wp\/v2\/product_cat?post=28377"},{"taxonomy":"product_tag","embeddable":true,"href":"https:\/\/innocentiemangonipiante.it\/de\/wp-json\/wp\/v2\/product_tag?post=28377"}],"curies":[{"name":"wp","href":"https:\/\/api.w.org\/{rel}","templated":true}]}}