{"id":28380,"date":"2023-11-04T00:17:28","date_gmt":"2023-11-03T23:17:28","guid":{"rendered":"http:\/\/innocentiemangonipiante.it\/clematis-in-varieta-2\/"},"modified":"2023-11-06T17:54:58","modified_gmt":"2023-11-06T16:54:58","slug":"clematis-in-varieta","status":"publish","type":"product","link":"https:\/\/innocentiemangonipiante.it\/de\/clematis-in-varieta\/","title":{"rendered":"CLEMATIS in variet\u00e0"},"content":{"rendered":"<p>Gattung von ca. 200 laubwerfende Kletterpflanzenarten, die ihrer Sch\u00f6nheit wegen gez\u00fcchtet werden. Wir haben f\u00fcr Sie einige der popul\u00e4rsten Kulturvariet\u00e4ten selektiert.<\/p>\n","protected":false},"excerpt":{"rendered":"<p>Gattung von ca. 200 laubwerfende Kletterpflanzenarten, die ihrer Sch\u00f6nheit wegen gez\u00fcchtet werden. Wir haben f\u00fcr Sie einige der popul\u00e4rsten Kulturvariet\u00e4ten selektiert.<\/p>\n","protected":false},"featured_media":21460,"template":"","meta":{"_acf_changed":false},"product_brand":[],"product_cat":[8837],"product_tag":[10898],"class_list":{"0":"post-28380","1":"product","2":"type-product","3":"status-publish","4":"has-post-thumbnail","6":"product_cat-schlingpflanzen","7":"product_tag-naturlichen","8":"pa_altezza-massima-300-de","9":"pa_altezza-massima-500-de","10":"pa_condizionamento-clt-de","11":"pa_famiglia-ranunculaceae-de","12":"pa_genere-clematis-de","13":"pa_origine-ostasien","14":"pa_periodo-fioritura-juni","15":"pa_periodo-fioritura-mai-de","16":"pa_portamento-schlingpflanze","17":"pa_resistenza-climatica-mittel-hoch","18":"pa_resistenza-del-suolo-bestandig-gegen-kalkhaltige-boden","19":"pa_utilizzo-balkone","20":"pa_utilizzo-kleine-gaerten","22":"first","23":"instock","24":"purchasable","25":"product-type-simple"},"acf":[],"_links":{"self":[{"href":"https:\/\/innocentiemangonipiante.it\/de\/wp-json\/wp\/v2\/product\/28380","targetHints":{"allow":["GET"]}}],"collection":[{"href":"https:\/\/innocentiemangonipiante.it\/de\/wp-json\/wp\/v2\/product"}],"about":[{"href":"https:\/\/innocentiemangonipiante.it\/de\/wp-json\/wp\/v2\/types\/product"}],"wp:featuredmedia":[{"embeddable":true,"href":"https:\/\/innocentiemangonipiante.it\/de\/wp-json\/wp\/v2\/media\/21460"}],"wp:attachment":[{"href":"https:\/\/innocentiemangonipiante.it\/de\/wp-json\/wp\/v2\/media?parent=28380"}],"wp:term":[{"taxonomy":"product_brand","embeddable":true,"href":"https:\/\/innocentiemangonipiante.it\/de\/wp-json\/wp\/v2\/product_brand?post=28380"},{"taxonomy":"product_cat","embeddable":true,"href":"https:\/\/innocentiemangonipiante.it\/de\/wp-json\/wp\/v2\/product_cat?post=28380"},{"taxonomy":"product_tag","embeddable":true,"href":"https:\/\/innocentiemangonipiante.it\/de\/wp-json\/wp\/v2\/product_tag?post=28380"}],"curies":[{"name":"wp","href":"https:\/\/api.w.org\/{rel}","templated":true}]}}