{"id":28382,"date":"2023-11-04T00:17:34","date_gmt":"2023-11-03T23:17:34","guid":{"rendered":"http:\/\/innocentiemangonipiante.it\/clerodendrum-trichotomum\/"},"modified":"2023-11-06T17:55:01","modified_gmt":"2023-11-06T16:55:01","slug":"clerodendrum-trichotomum","status":"publish","type":"product","link":"https:\/\/innocentiemangonipiante.it\/de\/clerodendrum-trichotomum\/","title":{"rendered":"CLERODENDRUM trichotomum"},"content":{"rendered":"<p>Sommergr\u00fcner ausladender Strauch oder kleiner Baum.Die dunkelgr\u00fcnen, paarig angeordneten Bl\u00e4tter werden bis zu 20 cm lang. Von Ende Sommer bis Anfang Herbst sprie\u00dfen wei\u00dfe, duftenden Bl\u00fcten, die leuchtend blaue beerenf\u00f6rmige Fr\u00fcchte hervorbringen. Geeignet f\u00fcr enge R\u00e4ume und sehr sonnige Lagen.<\/p>\n","protected":false},"excerpt":{"rendered":"<p>Sommergr\u00fcner ausladender Strauch oder kleiner Baum.Die dunkelgr\u00fcnen, paarig angeordneten Bl\u00e4tter werden bis zu 20 cm lang. Von Ende Sommer bis Anfang Herbst sprie\u00dfen wei\u00dfe, duftenden Bl\u00fcten, die leuchtend blaue beerenf\u00f6rmige Fr\u00fcchte hervorbringen. Geeignet f\u00fcr enge R\u00e4ume und sehr sonnige Lagen.<\/p>\n","protected":false},"featured_media":21466,"template":"","meta":{"_acf_changed":false},"product_brand":[],"product_cat":[8813],"product_tag":[10898],"class_list":{"0":"post-28382","1":"product","2":"type-product","3":"status-publish","4":"has-post-thumbnail","6":"product_cat-laubbaume-und-straucher","7":"product_tag-naturlichen","8":"pa_altezza-massima-400-de","9":"pa_altezza-massima-600-de","10":"pa_colore-fioritura-weis","11":"pa_famiglia-verbenaceae-de","12":"pa_genere-clerodendrum-de","13":"pa_origine-ostasien","14":"pa_periodo-fioritura-august-de","15":"pa_periodo-fioritura-oktober","16":"pa_periodo-fioritura-september-de","17":"pa_periodo-fruttificazione-oktober","18":"pa_portamento-cespuglioso-de","19":"pa_resistenza-climatica-mittel-hoch","20":"pa_resistenza-del-suolo-bestandig-gegen-kalkhaltige-boden","21":"pa_utilizzo-kleine-gaerten","22":"pa_utilizzo-parks-de","24":"first","25":"instock","26":"purchasable","27":"product-type-simple"},"acf":[],"_links":{"self":[{"href":"https:\/\/innocentiemangonipiante.it\/de\/wp-json\/wp\/v2\/product\/28382","targetHints":{"allow":["GET"]}}],"collection":[{"href":"https:\/\/innocentiemangonipiante.it\/de\/wp-json\/wp\/v2\/product"}],"about":[{"href":"https:\/\/innocentiemangonipiante.it\/de\/wp-json\/wp\/v2\/types\/product"}],"wp:featuredmedia":[{"embeddable":true,"href":"https:\/\/innocentiemangonipiante.it\/de\/wp-json\/wp\/v2\/media\/21466"}],"wp:attachment":[{"href":"https:\/\/innocentiemangonipiante.it\/de\/wp-json\/wp\/v2\/media?parent=28382"}],"wp:term":[{"taxonomy":"product_brand","embeddable":true,"href":"https:\/\/innocentiemangonipiante.it\/de\/wp-json\/wp\/v2\/product_brand?post=28382"},{"taxonomy":"product_cat","embeddable":true,"href":"https:\/\/innocentiemangonipiante.it\/de\/wp-json\/wp\/v2\/product_cat?post=28382"},{"taxonomy":"product_tag","embeddable":true,"href":"https:\/\/innocentiemangonipiante.it\/de\/wp-json\/wp\/v2\/product_tag?post=28382"}],"curies":[{"name":"wp","href":"https:\/\/api.w.org\/{rel}","templated":true}]}}