{"id":28468,"date":"2023-11-04T00:27:32","date_gmt":"2023-11-03T23:27:32","guid":{"rendered":"http:\/\/innocentiemangonipiante.it\/cornus-x-aurora\/"},"modified":"2023-11-06T18:00:51","modified_gmt":"2023-11-06T17:00:51","slug":"cornus-x-aurora","status":"publish","type":"product","link":"https:\/\/innocentiemangonipiante.it\/de\/cornus-x-aurora\/","title":{"rendered":"CORNUS x &#8218;Aurora&#8216;"},"content":{"rendered":"<p>Sehr starke Z\u00fcchtung mit dunkelgr\u00fcnen rundlichen Bl\u00e4ttern. Rundliche wei\u00dfe Brakteen.<\/p>\n","protected":false},"excerpt":{"rendered":"<p>Sehr starke Z\u00fcchtung mit dunkelgr\u00fcnen rundlichen Bl\u00e4ttern. Rundliche wei\u00dfe Brakteen.<\/p>\n","protected":false},"featured_media":21608,"template":"","meta":{"_acf_changed":false},"product_brand":[],"product_cat":[8813],"product_tag":[10898],"class_list":{"0":"post-28468","1":"product","2":"type-product","3":"status-publish","4":"has-post-thumbnail","6":"product_cat-laubbaume-und-straucher","7":"product_tag-naturlichen","8":"pa_altezza-massima-500-de","9":"pa_altezza-massima-800-de","10":"pa_colore-fioritura-weis","11":"pa_famiglia-cornaceae-de","12":"pa_genere-cornus-de","13":"pa_origine-u-s-a","14":"pa_periodo-fioritura-mai-de","15":"pa_portamento-arrotondato-de","16":"pa_resistenza-climatica-mittel-hoch","17":"pa_utilizzo-kleine-gaerten","18":"pa_utilizzo-parks-de","20":"first","21":"instock","22":"purchasable","23":"product-type-simple"},"acf":[],"_links":{"self":[{"href":"https:\/\/innocentiemangonipiante.it\/de\/wp-json\/wp\/v2\/product\/28468","targetHints":{"allow":["GET"]}}],"collection":[{"href":"https:\/\/innocentiemangonipiante.it\/de\/wp-json\/wp\/v2\/product"}],"about":[{"href":"https:\/\/innocentiemangonipiante.it\/de\/wp-json\/wp\/v2\/types\/product"}],"wp:featuredmedia":[{"embeddable":true,"href":"https:\/\/innocentiemangonipiante.it\/de\/wp-json\/wp\/v2\/media\/21608"}],"wp:attachment":[{"href":"https:\/\/innocentiemangonipiante.it\/de\/wp-json\/wp\/v2\/media?parent=28468"}],"wp:term":[{"taxonomy":"product_brand","embeddable":true,"href":"https:\/\/innocentiemangonipiante.it\/de\/wp-json\/wp\/v2\/product_brand?post=28468"},{"taxonomy":"product_cat","embeddable":true,"href":"https:\/\/innocentiemangonipiante.it\/de\/wp-json\/wp\/v2\/product_cat?post=28468"},{"taxonomy":"product_tag","embeddable":true,"href":"https:\/\/innocentiemangonipiante.it\/de\/wp-json\/wp\/v2\/product_tag?post=28468"}],"curies":[{"name":"wp","href":"https:\/\/api.w.org\/{rel}","templated":true}]}}