{"id":28469,"date":"2023-11-04T00:27:38","date_gmt":"2023-11-03T23:27:38","guid":{"rendered":"http:\/\/innocentiemangonipiante.it\/cornus-x-eddies-white-wonder-2\/"},"modified":"2023-11-06T18:00:54","modified_gmt":"2023-11-06T17:00:54","slug":"cornus-x-eddies-white-wonder","status":"publish","type":"product","link":"https:\/\/innocentiemangonipiante.it\/de\/cornus-x-eddies-white-wonder\/","title":{"rendered":"CORNUS x &#8218;Eddie&#8217;s White Wonder&#8216;"},"content":{"rendered":"<p>Bis zu 12 cm lange eif\u00f6rmige gr\u00fcne Bl\u00e4tter, die im Herbst rot werden. Zwischen Mai und Juni bringt sie Bl\u00fcten aus gro\u00dfen wei\u00dfen Brakteen hervor.<\/p>\n","protected":false},"excerpt":{"rendered":"<p>Bis zu 12 cm lange eif\u00f6rmige gr\u00fcne Bl\u00e4tter, die im Herbst rot werden. Zwischen Mai und Juni bringt sie Bl\u00fcten aus gro\u00dfen wei\u00dfen Brakteen hervor.<\/p>\n","protected":false},"featured_media":2013,"template":"","meta":{"_acf_changed":false},"product_brand":[],"product_cat":[8813],"product_tag":[10898],"class_list":{"0":"post-28469","1":"product","2":"type-product","3":"status-publish","4":"has-post-thumbnail","6":"product_cat-laubbaume-und-straucher","7":"product_tag-naturlichen","8":"pa_altezza-massima-500-de","9":"pa_altezza-massima-800-de","10":"pa_colore-fioritura-weis","11":"pa_condizionamento-clt-de","12":"pa_famiglia-cornaceae-de","13":"pa_genere-cornus-de","14":"pa_inquinamento-bestaendigkeit-gegen-smog","15":"pa_origine-kanada","16":"pa_periodo-fioritura-juni","17":"pa_periodo-fioritura-mai-de","18":"pa_portamento-piramidale-de","19":"pa_resistenza-climatica-sehr-hoch","20":"pa_utilizzo-kleine-gaerten","21":"pa_utilizzo-parks-de","23":"first","24":"instock","25":"purchasable","26":"product-type-simple"},"acf":[],"_links":{"self":[{"href":"https:\/\/innocentiemangonipiante.it\/de\/wp-json\/wp\/v2\/product\/28469","targetHints":{"allow":["GET"]}}],"collection":[{"href":"https:\/\/innocentiemangonipiante.it\/de\/wp-json\/wp\/v2\/product"}],"about":[{"href":"https:\/\/innocentiemangonipiante.it\/de\/wp-json\/wp\/v2\/types\/product"}],"wp:featuredmedia":[{"embeddable":true,"href":"https:\/\/innocentiemangonipiante.it\/de\/wp-json\/wp\/v2\/media\/2013"}],"wp:attachment":[{"href":"https:\/\/innocentiemangonipiante.it\/de\/wp-json\/wp\/v2\/media?parent=28469"}],"wp:term":[{"taxonomy":"product_brand","embeddable":true,"href":"https:\/\/innocentiemangonipiante.it\/de\/wp-json\/wp\/v2\/product_brand?post=28469"},{"taxonomy":"product_cat","embeddable":true,"href":"https:\/\/innocentiemangonipiante.it\/de\/wp-json\/wp\/v2\/product_cat?post=28469"},{"taxonomy":"product_tag","embeddable":true,"href":"https:\/\/innocentiemangonipiante.it\/de\/wp-json\/wp\/v2\/product_tag?post=28469"}],"curies":[{"name":"wp","href":"https:\/\/api.w.org\/{rel}","templated":true}]}}