{"id":28471,"date":"2023-11-04T00:28:06","date_gmt":"2023-11-03T23:28:06","guid":{"rendered":"http:\/\/innocentiemangonipiante.it\/cortaderia-selloana\/"},"modified":"2023-11-06T18:01:28","modified_gmt":"2023-11-06T17:01:28","slug":"cortaderia-selloana","status":"publish","type":"product","link":"https:\/\/innocentiemangonipiante.it\/de\/cortaderia-selloana\/","title":{"rendered":"CORTADERIA selloana"},"content":{"rendered":"<p>Immergr\u00fcne, buschige dauerhafte Krautpflanze mit gekr\u00fcmmten, gr\u00fcnblauen Bl\u00e4ttern. Ende Sommer wachsen seidige wei\u00df-silbrige \u00c4hren, die senkrecht aus der Mitte der Pflanze aufragen.<\/p>\n","protected":false},"excerpt":{"rendered":"<p>Immergr\u00fcne, buschige dauerhafte Krautpflanze mit gekr\u00fcmmten, gr\u00fcnblauen Bl\u00e4ttern. Ende Sommer wachsen seidige wei\u00df-silbrige \u00c4hren, die senkrecht aus der Mitte der Pflanze aufragen.<\/p>\n","protected":false},"featured_media":21615,"template":"","meta":{"_acf_changed":false},"product_brand":[],"product_cat":[8816],"product_tag":[10898],"class_list":{"0":"post-28471","1":"product","2":"type-product","3":"status-publish","4":"has-post-thumbnail","6":"product_cat-hartnaeckige-baeume-und-straeucher","7":"product_tag-naturlichen","8":"pa_altezza-massima-200-de","9":"pa_altezza-massima-300-de","10":"pa_colore-fioritura-weis","11":"pa_condizionamento-clt-de","12":"pa_famiglia-poaceae-de","13":"pa_genere-cortaderia-de","14":"pa_origine-sudamerika","15":"pa_periodo-fioritura-september-de","16":"pa_portamento-arcuato-de","17":"pa_resistenza-climatica-sehr-hoch","18":"pa_salinita-bestaendigkeit-in-meeresluft","19":"pa_utilizzo-kleine-gaerten","20":"pa_utilizzo-parks-de","22":"first","23":"instock","24":"purchasable","25":"product-type-simple"},"acf":[],"_links":{"self":[{"href":"https:\/\/innocentiemangonipiante.it\/de\/wp-json\/wp\/v2\/product\/28471","targetHints":{"allow":["GET"]}}],"collection":[{"href":"https:\/\/innocentiemangonipiante.it\/de\/wp-json\/wp\/v2\/product"}],"about":[{"href":"https:\/\/innocentiemangonipiante.it\/de\/wp-json\/wp\/v2\/types\/product"}],"wp:featuredmedia":[{"embeddable":true,"href":"https:\/\/innocentiemangonipiante.it\/de\/wp-json\/wp\/v2\/media\/21615"}],"wp:attachment":[{"href":"https:\/\/innocentiemangonipiante.it\/de\/wp-json\/wp\/v2\/media?parent=28471"}],"wp:term":[{"taxonomy":"product_brand","embeddable":true,"href":"https:\/\/innocentiemangonipiante.it\/de\/wp-json\/wp\/v2\/product_brand?post=28471"},{"taxonomy":"product_cat","embeddable":true,"href":"https:\/\/innocentiemangonipiante.it\/de\/wp-json\/wp\/v2\/product_cat?post=28471"},{"taxonomy":"product_tag","embeddable":true,"href":"https:\/\/innocentiemangonipiante.it\/de\/wp-json\/wp\/v2\/product_tag?post=28471"}],"curies":[{"name":"wp","href":"https:\/\/api.w.org\/{rel}","templated":true}]}}