{"id":28480,"date":"2023-11-04T00:28:47","date_gmt":"2023-11-03T23:28:47","guid":{"rendered":"http:\/\/innocentiemangonipiante.it\/corylus-avellana\/"},"modified":"2023-11-06T18:01:44","modified_gmt":"2023-11-06T17:01:44","slug":"corylus-avellana","status":"publish","type":"product","link":"https:\/\/innocentiemangonipiante.it\/de\/corylus-avellana\/","title":{"rendered":"CORYLUS avellana"},"content":{"rendered":"<p>Grosser, breiter Strauch mit gr\u00fcnen gez\u00e4hnten bis 10cm langen Bl\u00e4ttern. Produziert essbare Haselnusse.<\/p>\n","protected":false},"excerpt":{"rendered":"<p>Grosser, breiter Strauch mit gr\u00fcnen gez\u00e4hnten bis 10cm langen Bl\u00e4ttern. Produziert essbare Haselnusse.<\/p>\n","protected":false},"featured_media":21631,"template":"","meta":{"_acf_changed":false},"product_brand":[],"product_cat":[8813],"product_tag":[10898,8597],"class_list":{"0":"post-28480","1":"product","2":"type-product","3":"status-publish","4":"has-post-thumbnail","6":"product_cat-laubbaume-und-straucher","7":"product_tag-naturlichen","8":"product_tag-multistamm","9":"pa_altezza-massima-400-de","10":"pa_altezza-massima-600-de","11":"pa_colore-fioritura-gelbe","12":"pa_condizionamento-clt-de","13":"pa_famiglia-betulaceae-de","14":"pa_genere-corylus-de","15":"pa_origine-asien","16":"pa_origine-europaischen-mittelmeeres","17":"pa_periodo-fioritura-dezember","18":"pa_periodo-fioritura-november-de","19":"pa_resistenza-climatica-sehr-hoch","20":"pa_resistenza-del-suolo-bestandigkeit-auf-feuchten-boden","22":"first","23":"instock","24":"purchasable","25":"product-type-simple"},"acf":[],"_links":{"self":[{"href":"https:\/\/innocentiemangonipiante.it\/de\/wp-json\/wp\/v2\/product\/28480","targetHints":{"allow":["GET"]}}],"collection":[{"href":"https:\/\/innocentiemangonipiante.it\/de\/wp-json\/wp\/v2\/product"}],"about":[{"href":"https:\/\/innocentiemangonipiante.it\/de\/wp-json\/wp\/v2\/types\/product"}],"wp:featuredmedia":[{"embeddable":true,"href":"https:\/\/innocentiemangonipiante.it\/de\/wp-json\/wp\/v2\/media\/21631"}],"wp:attachment":[{"href":"https:\/\/innocentiemangonipiante.it\/de\/wp-json\/wp\/v2\/media?parent=28480"}],"wp:term":[{"taxonomy":"product_brand","embeddable":true,"href":"https:\/\/innocentiemangonipiante.it\/de\/wp-json\/wp\/v2\/product_brand?post=28480"},{"taxonomy":"product_cat","embeddable":true,"href":"https:\/\/innocentiemangonipiante.it\/de\/wp-json\/wp\/v2\/product_cat?post=28480"},{"taxonomy":"product_tag","embeddable":true,"href":"https:\/\/innocentiemangonipiante.it\/de\/wp-json\/wp\/v2\/product_tag?post=28480"}],"curies":[{"name":"wp","href":"https:\/\/api.w.org\/{rel}","templated":true}]}}