{"id":28483,"date":"2023-11-04T00:29:00","date_gmt":"2023-11-03T23:29:00","guid":{"rendered":"http:\/\/innocentiemangonipiante.it\/corylus-avellana-pendula\/"},"modified":"2023-11-06T18:01:51","modified_gmt":"2023-11-06T17:01:51","slug":"corylus-avellana-pendula","status":"publish","type":"product","link":"https:\/\/innocentiemangonipiante.it\/de\/corylus-avellana-pendula\/","title":{"rendered":"CORYLUS avellana &#8218;Pendula&#8216;"},"content":{"rendered":"<p>Kleiner Laubbaum, H\u00e4ngeform, in der Regel auf Hochstamm veredelt. Produziert gelben K\u00e4tzchen im Fr\u00fchjahr. Die Bl\u00e4tter sind hellgr\u00fcn.<\/p>\n","protected":false},"excerpt":{"rendered":"<p>Kleiner Laubbaum, H\u00e4ngeform, in der Regel auf Hochstamm veredelt. Produziert gelben K\u00e4tzchen im Fr\u00fchjahr. Die Bl\u00e4tter sind hellgr\u00fcn.<\/p>\n","protected":false},"featured_media":21637,"template":"","meta":{"_acf_changed":false},"product_brand":[],"product_cat":[8813],"product_tag":[10898],"class_list":{"0":"post-28483","1":"product","2":"type-product","3":"status-publish","4":"has-post-thumbnail","6":"product_cat-laubbaume-und-straucher","7":"product_tag-naturlichen","8":"pa_altezza-massima-300-de","9":"pa_altezza-massima-400-de","10":"pa_colore-fioritura-gelbe","11":"pa_famiglia-corylaceae-de","12":"pa_genere-corylus-de","13":"pa_origine-europaischen-mittelmeeres","14":"pa_origine-nahen-osten","15":"pa_periodo-fioritura-april-de","16":"pa_periodo-fioritura-mai-de","17":"pa_portamento-piangente-de","18":"pa_resistenza-climatica-sehr-hoch","19":"pa_utilizzo-kleine-gaerten","21":"first","22":"instock","23":"purchasable","24":"product-type-simple"},"acf":[],"_links":{"self":[{"href":"https:\/\/innocentiemangonipiante.it\/de\/wp-json\/wp\/v2\/product\/28483","targetHints":{"allow":["GET"]}}],"collection":[{"href":"https:\/\/innocentiemangonipiante.it\/de\/wp-json\/wp\/v2\/product"}],"about":[{"href":"https:\/\/innocentiemangonipiante.it\/de\/wp-json\/wp\/v2\/types\/product"}],"wp:featuredmedia":[{"embeddable":true,"href":"https:\/\/innocentiemangonipiante.it\/de\/wp-json\/wp\/v2\/media\/21637"}],"wp:attachment":[{"href":"https:\/\/innocentiemangonipiante.it\/de\/wp-json\/wp\/v2\/media?parent=28483"}],"wp:term":[{"taxonomy":"product_brand","embeddable":true,"href":"https:\/\/innocentiemangonipiante.it\/de\/wp-json\/wp\/v2\/product_brand?post=28483"},{"taxonomy":"product_cat","embeddable":true,"href":"https:\/\/innocentiemangonipiante.it\/de\/wp-json\/wp\/v2\/product_cat?post=28483"},{"taxonomy":"product_tag","embeddable":true,"href":"https:\/\/innocentiemangonipiante.it\/de\/wp-json\/wp\/v2\/product_tag?post=28483"}],"curies":[{"name":"wp","href":"https:\/\/api.w.org\/{rel}","templated":true}]}}