{"id":28506,"date":"2023-11-04T00:30:40","date_gmt":"2023-11-03T23:30:40","guid":{"rendered":"http:\/\/innocentiemangonipiante.it\/cotinus-x-grace-2\/"},"modified":"2023-11-06T18:02:34","modified_gmt":"2023-11-06T17:02:34","slug":"cotinus-x-grace","status":"publish","type":"product","link":"https:\/\/innocentiemangonipiante.it\/de\/cotinus-x-grace\/","title":{"rendered":"COTINUS x &#8218;Grace&#8216;"},"content":{"rendered":"<p>Kleiner, kr\u00e4ftiger Baum oder buschiger Strauch mit gro\u00dfen purpurfarbenen Bl\u00e4ttern, die bis 10 cm lang und im Herbst leuchtend rot werden.<\/p>\n","protected":false},"excerpt":{"rendered":"<p>Kleiner, kr\u00e4ftiger Baum oder buschiger Strauch mit gro\u00dfen purpurfarbenen Bl\u00e4ttern, die bis 10 cm lang und im Herbst leuchtend rot werden.<\/p>\n","protected":false},"featured_media":2063,"template":"","meta":{"_acf_changed":false},"product_brand":[],"product_cat":[8813],"product_tag":[10898,8736],"class_list":{"0":"post-28506","1":"product","2":"type-product","3":"status-publish","4":"has-post-thumbnail","6":"product_cat-laubbaume-und-straucher","7":"product_tag-naturlichen","8":"product_tag-fusstamm","9":"pa_altezza-massima-300-de","10":"pa_altezza-massima-500-de","11":"pa_colore-delle-foglie-roten","12":"pa_colore-fioritura-rot","13":"pa_condizionamento-clt-de","14":"pa_famiglia-anacardiaceae-de","15":"pa_genere-cotinus-de","16":"pa_origine-europe-de","17":"pa_periodo-fioritura-august-de","18":"pa_periodo-fioritura-juli","19":"pa_portamento-cespuglioso-de","20":"pa_resistenza-climatica-sehr-hoch","21":"pa_resistenza-del-suolo-bestandig-gegen-kalkhaltige-boden","22":"pa_resistenza-del-suolo-bestandig-gegen-trockene-boden","23":"pa_utilizzo-kleine-gaerten","24":"pa_utilizzo-parks-de","26":"first","27":"instock","28":"purchasable","29":"product-type-simple"},"acf":[],"_links":{"self":[{"href":"https:\/\/innocentiemangonipiante.it\/de\/wp-json\/wp\/v2\/product\/28506","targetHints":{"allow":["GET"]}}],"collection":[{"href":"https:\/\/innocentiemangonipiante.it\/de\/wp-json\/wp\/v2\/product"}],"about":[{"href":"https:\/\/innocentiemangonipiante.it\/de\/wp-json\/wp\/v2\/types\/product"}],"wp:featuredmedia":[{"embeddable":true,"href":"https:\/\/innocentiemangonipiante.it\/de\/wp-json\/wp\/v2\/media\/2063"}],"wp:attachment":[{"href":"https:\/\/innocentiemangonipiante.it\/de\/wp-json\/wp\/v2\/media?parent=28506"}],"wp:term":[{"taxonomy":"product_brand","embeddable":true,"href":"https:\/\/innocentiemangonipiante.it\/de\/wp-json\/wp\/v2\/product_brand?post=28506"},{"taxonomy":"product_cat","embeddable":true,"href":"https:\/\/innocentiemangonipiante.it\/de\/wp-json\/wp\/v2\/product_cat?post=28506"},{"taxonomy":"product_tag","embeddable":true,"href":"https:\/\/innocentiemangonipiante.it\/de\/wp-json\/wp\/v2\/product_tag?post=28506"}],"curies":[{"name":"wp","href":"https:\/\/api.w.org\/{rel}","templated":true}]}}