{"id":28522,"date":"2023-11-04T00:35:26","date_gmt":"2023-11-03T23:35:26","guid":{"rendered":"http:\/\/innocentiemangonipiante.it\/cupressus-sempervirens-glauca\/"},"modified":"2023-11-06T18:07:10","modified_gmt":"2023-11-06T17:07:10","slug":"cupressus-sempervirens-glauca","status":"publish","type":"product","link":"https:\/\/innocentiemangonipiante.it\/de\/cupressus-sempervirens-glauca\/","title":{"rendered":"CUPRESSUS sempervirens &#8218;Glauca&#8216;"},"content":{"rendered":"<p>Streng s\u00e4ulenf\u00f6rmiger Wuchs. Kompaktes Laub von sch\u00f6ner blaugr\u00fcner Farbe.<\/p>\n","protected":false},"excerpt":{"rendered":"<p>Streng s\u00e4ulenf\u00f6rmiger Wuchs. Kompaktes Laub von sch\u00f6ner blaugr\u00fcner Farbe.<\/p>\n","protected":false},"featured_media":41566,"template":"","meta":{"_acf_changed":false},"product_brand":[],"product_cat":[8825],"product_tag":[10898],"class_list":{"0":"post-28522","1":"product","2":"type-product","3":"status-publish","4":"has-post-thumbnail","6":"product_cat-koniferen","7":"product_tag-naturlichen","8":"pa_altezza-massima-1000-de-2","9":"pa_altezza-massima-15-meter","10":"pa_colore-delle-foglie-blau","11":"pa_condizionamento-clt-de","12":"pa_famiglia-cupressaceae-de","13":"pa_genere-cupressus-de","14":"pa_origine-u-s-a","15":"pa_portamento-saulenformig","16":"pa_resistenza-climatica-sehr-hoch","17":"pa_salinita-bestaendigkeit-in-meeresluft","18":"pa_utilizzo-alleen","19":"pa_utilizzo-parks-de","21":"first","22":"instock","23":"purchasable","24":"product-type-simple"},"acf":[],"_links":{"self":[{"href":"https:\/\/innocentiemangonipiante.it\/de\/wp-json\/wp\/v2\/product\/28522","targetHints":{"allow":["GET"]}}],"collection":[{"href":"https:\/\/innocentiemangonipiante.it\/de\/wp-json\/wp\/v2\/product"}],"about":[{"href":"https:\/\/innocentiemangonipiante.it\/de\/wp-json\/wp\/v2\/types\/product"}],"wp:featuredmedia":[{"embeddable":true,"href":"https:\/\/innocentiemangonipiante.it\/de\/wp-json\/wp\/v2\/media\/41566"}],"wp:attachment":[{"href":"https:\/\/innocentiemangonipiante.it\/de\/wp-json\/wp\/v2\/media?parent=28522"}],"wp:term":[{"taxonomy":"product_brand","embeddable":true,"href":"https:\/\/innocentiemangonipiante.it\/de\/wp-json\/wp\/v2\/product_brand?post=28522"},{"taxonomy":"product_cat","embeddable":true,"href":"https:\/\/innocentiemangonipiante.it\/de\/wp-json\/wp\/v2\/product_cat?post=28522"},{"taxonomy":"product_tag","embeddable":true,"href":"https:\/\/innocentiemangonipiante.it\/de\/wp-json\/wp\/v2\/product_tag?post=28522"}],"curies":[{"name":"wp","href":"https:\/\/api.w.org\/{rel}","templated":true}]}}