{"id":28527,"date":"2023-11-04T00:36:07","date_gmt":"2023-11-03T23:36:07","guid":{"rendered":"http:\/\/innocentiemangonipiante.it\/cupressus-torulosa\/"},"modified":"2023-11-06T18:07:37","modified_gmt":"2023-11-06T17:07:37","slug":"cupressus-torulosa","status":"publish","type":"product","link":"https:\/\/innocentiemangonipiante.it\/de\/cupressus-torulosa\/","title":{"rendered":"CUPRESSUS torulosa"},"content":{"rendered":"<p>Sommergr\u00fcner kegelf\u00f6rmiger Baum mit gr\u00fcnen eif\u00f6rmigen Bl\u00e4ttern. Die wei\u00dfen Bl\u00fcten im Fr\u00fchjahr bringen kleine orange-rote Fr\u00fcchte hervor.<\/p>\n","protected":false},"excerpt":{"rendered":"<p>Sommergr\u00fcner kegelf\u00f6rmiger Baum mit gr\u00fcnen eif\u00f6rmigen Bl\u00e4ttern. Die wei\u00dfen Bl\u00fcten im Fr\u00fchjahr bringen kleine orange-rote Fr\u00fcchte hervor.<\/p>\n","protected":false},"featured_media":21722,"template":"","meta":{"_acf_changed":false},"product_brand":[],"product_cat":[8825],"product_tag":[10898],"class_list":{"0":"post-28527","1":"product","2":"type-product","3":"status-publish","4":"has-post-thumbnail","6":"product_cat-koniferen","7":"product_tag-naturlichen","8":"pa_altezza-massima-30-meter","9":"pa_altezza-massima-4500-de","10":"pa_famiglia-cupressaceae-de","11":"pa_genere-cupressus-de","12":"pa_origine-north-india-de","13":"pa_portamento-conico-de","14":"pa_resistenza-climatica-sehr-hoch","15":"pa_resistenza-del-suolo-bestandig-gegen-kalkhaltige-boden","16":"pa_resistenza-del-suolo-bestandigkeit-auf-feuchten-boden","17":"pa_utilizzo-parks-de","19":"first","20":"instock","21":"purchasable","22":"product-type-simple"},"acf":[],"_links":{"self":[{"href":"https:\/\/innocentiemangonipiante.it\/de\/wp-json\/wp\/v2\/product\/28527","targetHints":{"allow":["GET"]}}],"collection":[{"href":"https:\/\/innocentiemangonipiante.it\/de\/wp-json\/wp\/v2\/product"}],"about":[{"href":"https:\/\/innocentiemangonipiante.it\/de\/wp-json\/wp\/v2\/types\/product"}],"wp:featuredmedia":[{"embeddable":true,"href":"https:\/\/innocentiemangonipiante.it\/de\/wp-json\/wp\/v2\/media\/21722"}],"wp:attachment":[{"href":"https:\/\/innocentiemangonipiante.it\/de\/wp-json\/wp\/v2\/media?parent=28527"}],"wp:term":[{"taxonomy":"product_brand","embeddable":true,"href":"https:\/\/innocentiemangonipiante.it\/de\/wp-json\/wp\/v2\/product_brand?post=28527"},{"taxonomy":"product_cat","embeddable":true,"href":"https:\/\/innocentiemangonipiante.it\/de\/wp-json\/wp\/v2\/product_cat?post=28527"},{"taxonomy":"product_tag","embeddable":true,"href":"https:\/\/innocentiemangonipiante.it\/de\/wp-json\/wp\/v2\/product_tag?post=28527"}],"curies":[{"name":"wp","href":"https:\/\/api.w.org\/{rel}","templated":true}]}}