{"id":28572,"date":"2023-11-04T00:40:05","date_gmt":"2023-11-03T23:40:05","guid":{"rendered":"http:\/\/innocentiemangonipiante.it\/diospyros-kaki-fuyu\/"},"modified":"2023-11-06T18:09:50","modified_gmt":"2023-11-06T17:09:50","slug":"diospyros-kaki-fuyu","status":"publish","type":"product","link":"https:\/\/innocentiemangonipiante.it\/de\/diospyros-kaki-fuyu\/","title":{"rendered":"DIOSPYROS KAKI &#8218;Fuyu&#8216;"},"content":{"rendered":"<p>Frucht von mittlerer Gr\u00f6\u00dfe, etwas abgeflacht, gelb-orange. Gute Best\u00e4ndigkeit gegen K\u00e4lte. E\u00dfbare wenn auch nicht ausgereift.<\/p>\n","protected":false},"excerpt":{"rendered":"<p>Frucht von mittlerer Gr\u00f6\u00dfe, etwas abgeflacht, gelb-orange. Gute Best\u00e4ndigkeit gegen K\u00e4lte. E\u00dfbare wenn auch nicht ausgereift.<\/p>\n","protected":false},"featured_media":21795,"template":"","meta":{"_acf_changed":false},"product_brand":[],"product_cat":[8809,9231],"product_tag":[10898,8565,8401],"class_list":{"0":"post-28572","1":"product","2":"type-product","3":"status-publish","4":"has-post-thumbnail","6":"product_cat-obst-baeume","7":"product_cat-baume-und-pflanzen-der-zukunft","8":"product_tag-naturlichen","9":"product_tag-halbstamm","10":"product_tag-hochstamm","11":"pa_altezza-massima-800-de","12":"pa_altezza-massima-1000-de-2","13":"pa_arte-topiaria-verfuegbar-formgehoelze","14":"pa_colore-fioritura-weis","15":"pa_condizionamento-clt-de","16":"pa_condizionamento-m-de","17":"pa_famiglia-ebenaceae-de","18":"pa_genere-diospyros-kaki-de","19":"pa_origine-japan-de","20":"pa_periodo-fioritura-april-de","21":"pa_periodo-fruttificazione-november-de","22":"pa_periodo-fruttificazione-oktober","23":"pa_portamento-arrotondato-de","24":"pa_resistenza-climatica-mittel","25":"pa_utilizzo-kleine-gaerten","27":"first","28":"instock","29":"purchasable","30":"product-type-simple"},"acf":[],"_links":{"self":[{"href":"https:\/\/innocentiemangonipiante.it\/de\/wp-json\/wp\/v2\/product\/28572","targetHints":{"allow":["GET"]}}],"collection":[{"href":"https:\/\/innocentiemangonipiante.it\/de\/wp-json\/wp\/v2\/product"}],"about":[{"href":"https:\/\/innocentiemangonipiante.it\/de\/wp-json\/wp\/v2\/types\/product"}],"wp:featuredmedia":[{"embeddable":true,"href":"https:\/\/innocentiemangonipiante.it\/de\/wp-json\/wp\/v2\/media\/21795"}],"wp:attachment":[{"href":"https:\/\/innocentiemangonipiante.it\/de\/wp-json\/wp\/v2\/media?parent=28572"}],"wp:term":[{"taxonomy":"product_brand","embeddable":true,"href":"https:\/\/innocentiemangonipiante.it\/de\/wp-json\/wp\/v2\/product_brand?post=28572"},{"taxonomy":"product_cat","embeddable":true,"href":"https:\/\/innocentiemangonipiante.it\/de\/wp-json\/wp\/v2\/product_cat?post=28572"},{"taxonomy":"product_tag","embeddable":true,"href":"https:\/\/innocentiemangonipiante.it\/de\/wp-json\/wp\/v2\/product_tag?post=28572"}],"curies":[{"name":"wp","href":"https:\/\/api.w.org\/{rel}","templated":true}]}}