{"id":28583,"date":"2023-11-04T00:40:48","date_gmt":"2023-11-03T23:40:48","guid":{"rendered":"http:\/\/innocentiemangonipiante.it\/diospyros-kaki-vaniglia\/"},"modified":"2023-11-06T18:10:08","modified_gmt":"2023-11-06T17:10:08","slug":"diospyros-kaki-vaniglia","status":"publish","type":"product","link":"https:\/\/innocentiemangonipiante.it\/de\/diospyros-kaki-vaniglia\/","title":{"rendered":"DIOSPYROS KAKI &#8218;Vaniglia&#8216;"},"content":{"rendered":"<p>Mittelgro\u00dfe Fr\u00fcchte, leicht orange, knackig, e\u00dfbar, obwohl nicht vollst\u00e4ndig ausgereift.<\/p>\n","protected":false},"excerpt":{"rendered":"<p>Mittelgro\u00dfe Fr\u00fcchte, leicht orange, knackig, e\u00dfbar, obwohl nicht vollst\u00e4ndig ausgereift.<\/p>\n","protected":false},"featured_media":21821,"template":"","meta":{"_acf_changed":false},"product_brand":[],"product_cat":[8809,9231],"product_tag":[10898],"class_list":{"0":"post-28583","1":"product","2":"type-product","3":"status-publish","4":"has-post-thumbnail","6":"product_cat-obst-baeume","7":"product_cat-baume-und-pflanzen-der-zukunft","8":"product_tag-naturlichen","9":"pa_altezza-massima-800-de","10":"pa_altezza-massima-1000-de-2","11":"pa_colore-fioritura-gelbe","12":"pa_famiglia-ebenaceae-de","13":"pa_genere-diospyros-kaki-de","14":"pa_origine-italien","15":"pa_periodo-fioritura-juni","16":"pa_periodo-fruttificazione-dezember","17":"pa_periodo-fruttificazione-november-de","18":"pa_periodo-fruttificazione-oktober","19":"pa_portamento-arrotondato-de","20":"pa_resistenza-climatica-mittel","21":"pa_utilizzo-kleine-gaerten","23":"first","24":"instock","25":"purchasable","26":"product-type-simple"},"acf":[],"_links":{"self":[{"href":"https:\/\/innocentiemangonipiante.it\/de\/wp-json\/wp\/v2\/product\/28583","targetHints":{"allow":["GET"]}}],"collection":[{"href":"https:\/\/innocentiemangonipiante.it\/de\/wp-json\/wp\/v2\/product"}],"about":[{"href":"https:\/\/innocentiemangonipiante.it\/de\/wp-json\/wp\/v2\/types\/product"}],"wp:featuredmedia":[{"embeddable":true,"href":"https:\/\/innocentiemangonipiante.it\/de\/wp-json\/wp\/v2\/media\/21821"}],"wp:attachment":[{"href":"https:\/\/innocentiemangonipiante.it\/de\/wp-json\/wp\/v2\/media?parent=28583"}],"wp:term":[{"taxonomy":"product_brand","embeddable":true,"href":"https:\/\/innocentiemangonipiante.it\/de\/wp-json\/wp\/v2\/product_brand?post=28583"},{"taxonomy":"product_cat","embeddable":true,"href":"https:\/\/innocentiemangonipiante.it\/de\/wp-json\/wp\/v2\/product_cat?post=28583"},{"taxonomy":"product_tag","embeddable":true,"href":"https:\/\/innocentiemangonipiante.it\/de\/wp-json\/wp\/v2\/product_tag?post=28583"}],"curies":[{"name":"wp","href":"https:\/\/api.w.org\/{rel}","templated":true}]}}