{"id":28660,"date":"2023-11-04T00:49:33","date_gmt":"2023-11-03T23:49:33","guid":{"rendered":"http:\/\/innocentiemangonipiante.it\/euonymus-japonicus-euro-2\/"},"modified":"2023-11-06T18:17:02","modified_gmt":"2023-11-06T17:17:02","slug":"euonymus-japonicus-euro","status":"publish","type":"product","link":"https:\/\/innocentiemangonipiante.it\/de\/euonymus-japonicus-euro\/","title":{"rendered":"EUONYMUS japonicus &#8218;Euro&#8216;"},"content":{"rendered":"<p>Kleiner immergr\u00fcner Strauch \u00e4hnlich E. Japonicus. Dunkelgr\u00fcne Bl\u00e4tter, sind aber kleiner als die Arten. Regul\u00e4res und kompaktes Wachstum.<\/p>\n","protected":false},"excerpt":{"rendered":"<p>Kleiner immergr\u00fcner Strauch \u00e4hnlich E. Japonicus. Dunkelgr\u00fcne Bl\u00e4tter, sind aber kleiner als die Arten. Regul\u00e4res und kompaktes Wachstum.<\/p>\n","protected":false},"featured_media":21979,"template":"","meta":{"_acf_changed":false},"product_brand":[],"product_cat":[8816],"product_tag":[10898],"class_list":{"0":"post-28660","1":"product","2":"type-product","3":"status-publish","4":"has-post-thumbnail","6":"product_cat-hartnaeckige-baeume-und-straeucher","7":"product_tag-naturlichen","8":"pa_altezza-massima-100-de","9":"pa_altezza-massima-150-de","10":"pa_famiglia-celastraceae-de","11":"pa_genere-euonymus-de","12":"pa_origine-italien","13":"pa_portamento-cespuglioso-de","14":"pa_resistenza-climatica-mittel-hoch","15":"pa_resistenza-del-suolo-bestandig-gegen-trockene-boden","16":"pa_salinita-bestaendigkeit-in-meeresluft","17":"pa_utilizzo-balkone","18":"pa_utilizzo-bordueren","19":"pa_utilizzo-hecken","20":"pa_utilizzo-kleine-gaerten","22":"first","23":"instock","24":"purchasable","25":"product-type-simple"},"acf":[],"_links":{"self":[{"href":"https:\/\/innocentiemangonipiante.it\/de\/wp-json\/wp\/v2\/product\/28660","targetHints":{"allow":["GET"]}}],"collection":[{"href":"https:\/\/innocentiemangonipiante.it\/de\/wp-json\/wp\/v2\/product"}],"about":[{"href":"https:\/\/innocentiemangonipiante.it\/de\/wp-json\/wp\/v2\/types\/product"}],"wp:featuredmedia":[{"embeddable":true,"href":"https:\/\/innocentiemangonipiante.it\/de\/wp-json\/wp\/v2\/media\/21979"}],"wp:attachment":[{"href":"https:\/\/innocentiemangonipiante.it\/de\/wp-json\/wp\/v2\/media?parent=28660"}],"wp:term":[{"taxonomy":"product_brand","embeddable":true,"href":"https:\/\/innocentiemangonipiante.it\/de\/wp-json\/wp\/v2\/product_brand?post=28660"},{"taxonomy":"product_cat","embeddable":true,"href":"https:\/\/innocentiemangonipiante.it\/de\/wp-json\/wp\/v2\/product_cat?post=28660"},{"taxonomy":"product_tag","embeddable":true,"href":"https:\/\/innocentiemangonipiante.it\/de\/wp-json\/wp\/v2\/product_tag?post=28660"}],"curies":[{"name":"wp","href":"https:\/\/api.w.org\/{rel}","templated":true}]}}