{"id":28668,"date":"2023-11-04T00:50:26","date_gmt":"2023-11-03T23:50:26","guid":{"rendered":"http:\/\/innocentiemangonipiante.it\/euonymus-japonicus-president-gauthier\/"},"modified":"2023-11-06T18:17:43","modified_gmt":"2023-11-06T17:17:43","slug":"euonymus-japonicus-president-gauthier","status":"publish","type":"product","link":"https:\/\/innocentiemangonipiante.it\/de\/euonymus-japonicus-president-gauthier\/","title":{"rendered":"EUONYMUS japonicus &#8218;President Gauthier&#8216;"},"content":{"rendered":"<p>Immergr\u00fcner, dichter und kompakter Strauch mit 3-4 cm langen paarigen Bl\u00e4ttern, die eif\u00f6rmig, gr\u00fcn bis hellgr\u00fcn sind mit breiten cremewei\u00dfen R\u00e4ndern.<\/p>\n","protected":false},"excerpt":{"rendered":"<p>Immergr\u00fcner, dichter und kompakter Strauch mit 3-4 cm langen paarigen Bl\u00e4ttern, die eif\u00f6rmig, gr\u00fcn bis hellgr\u00fcn sind mit breiten cremewei\u00dfen R\u00e4ndern.<\/p>\n","protected":false},"featured_media":0,"template":"","meta":{"_acf_changed":false},"product_brand":[],"product_cat":[8816],"product_tag":[10898],"class_list":{"0":"post-28668","1":"product","2":"type-product","3":"status-publish","5":"product_cat-hartnaeckige-baeume-und-straeucher","6":"product_tag-naturlichen","7":"pa_altezza-massima-200-de","8":"pa_altezza-massima-300-de","9":"pa_colore-delle-foglie-vielfaeltigen","10":"pa_famiglia-celastraceae-de","11":"pa_genere-euonymus-de","12":"pa_origine-ostasien","13":"pa_portamento-eretto-de","14":"pa_resistenza-climatica-mittel-hoch","15":"pa_resistenza-del-suolo-bestandig-gegen-kalkhaltige-boden","16":"pa_resistenza-del-suolo-bestandig-gegen-trockene-boden","17":"pa_salinita-bestaendigkeit-in-meeresluft","18":"pa_utilizzo-balkone","19":"pa_utilizzo-hecken","20":"pa_utilizzo-kleine-gaerten","22":"first","23":"instock","24":"purchasable","25":"product-type-simple"},"acf":[],"_links":{"self":[{"href":"https:\/\/innocentiemangonipiante.it\/de\/wp-json\/wp\/v2\/product\/28668","targetHints":{"allow":["GET"]}}],"collection":[{"href":"https:\/\/innocentiemangonipiante.it\/de\/wp-json\/wp\/v2\/product"}],"about":[{"href":"https:\/\/innocentiemangonipiante.it\/de\/wp-json\/wp\/v2\/types\/product"}],"wp:attachment":[{"href":"https:\/\/innocentiemangonipiante.it\/de\/wp-json\/wp\/v2\/media?parent=28668"}],"wp:term":[{"taxonomy":"product_brand","embeddable":true,"href":"https:\/\/innocentiemangonipiante.it\/de\/wp-json\/wp\/v2\/product_brand?post=28668"},{"taxonomy":"product_cat","embeddable":true,"href":"https:\/\/innocentiemangonipiante.it\/de\/wp-json\/wp\/v2\/product_cat?post=28668"},{"taxonomy":"product_tag","embeddable":true,"href":"https:\/\/innocentiemangonipiante.it\/de\/wp-json\/wp\/v2\/product_tag?post=28668"}],"curies":[{"name":"wp","href":"https:\/\/api.w.org\/{rel}","templated":true}]}}