{"id":28696,"date":"2023-11-04T00:54:52","date_gmt":"2023-11-03T23:54:52","guid":{"rendered":"http:\/\/innocentiemangonipiante.it\/festuca-glauca-elijah-blue\/"},"modified":"2023-11-06T18:20:32","modified_gmt":"2023-11-06T17:20:32","slug":"festuca-glauca-elijah-blue","status":"publish","type":"product","link":"https:\/\/innocentiemangonipiante.it\/de\/festuca-glauca-elijah-blue\/","title":{"rendered":"FESTUCA glauca &#8218;Elijah Blue&#8216;"},"content":{"rendered":"<p>Grass-Sorte mit kompaktem blau-silberndem Laub. Gr\u00fcne Sommerbl\u00fcte mit purpurroten T\u00f6nen.<\/p>\n","protected":false},"excerpt":{"rendered":"<p>Grass-Sorte mit kompaktem blau-silberndem Laub. Gr\u00fcne Sommerbl\u00fcte mit purpurroten T\u00f6nen.<\/p>\n","protected":false},"featured_media":22063,"template":"","meta":{"_acf_changed":false},"product_brand":[],"product_cat":[8829],"product_tag":[10898],"class_list":{"0":"post-28696","1":"product","2":"type-product","3":"status-publish","4":"has-post-thumbnail","6":"product_cat-mehrjahrige-krauter","7":"product_tag-naturlichen","8":"pa_altezza-massima-0_30-meter","9":"pa_altezza-massima-0_50-meter","10":"pa_colore-delle-foglie-grauen","11":"pa_colore-fioritura-burgund","12":"pa_condizionamento-clt-de","13":"pa_famiglia-poaceae-de","14":"pa_genere-festuca-de","15":"pa_origine-frankreich","16":"pa_periodo-fioritura-august-de","17":"pa_periodo-fioritura-juli","18":"pa_periodo-fioritura-juni","19":"pa_portamento-eretto-de","20":"pa_resistenza-climatica-sehr-hoch","21":"pa_resistenza-del-suolo-bestandig-gegen-trockene-boden","22":"pa_utilizzo-balkone","23":"pa_utilizzo-bordueren","24":"pa_utilizzo-kleine-gaerten","26":"first","27":"instock","28":"purchasable","29":"product-type-simple"},"acf":[],"_links":{"self":[{"href":"https:\/\/innocentiemangonipiante.it\/de\/wp-json\/wp\/v2\/product\/28696","targetHints":{"allow":["GET"]}}],"collection":[{"href":"https:\/\/innocentiemangonipiante.it\/de\/wp-json\/wp\/v2\/product"}],"about":[{"href":"https:\/\/innocentiemangonipiante.it\/de\/wp-json\/wp\/v2\/types\/product"}],"wp:featuredmedia":[{"embeddable":true,"href":"https:\/\/innocentiemangonipiante.it\/de\/wp-json\/wp\/v2\/media\/22063"}],"wp:attachment":[{"href":"https:\/\/innocentiemangonipiante.it\/de\/wp-json\/wp\/v2\/media?parent=28696"}],"wp:term":[{"taxonomy":"product_brand","embeddable":true,"href":"https:\/\/innocentiemangonipiante.it\/de\/wp-json\/wp\/v2\/product_brand?post=28696"},{"taxonomy":"product_cat","embeddable":true,"href":"https:\/\/innocentiemangonipiante.it\/de\/wp-json\/wp\/v2\/product_cat?post=28696"},{"taxonomy":"product_tag","embeddable":true,"href":"https:\/\/innocentiemangonipiante.it\/de\/wp-json\/wp\/v2\/product_tag?post=28696"}],"curies":[{"name":"wp","href":"https:\/\/api.w.org\/{rel}","templated":true}]}}