{"id":28775,"date":"2023-11-04T01:02:12","date_gmt":"2023-11-04T00:02:12","guid":{"rendered":"http:\/\/innocentiemangonipiante.it\/gazania-hybrida\/"},"modified":"2023-11-06T18:24:39","modified_gmt":"2023-11-06T17:24:39","slug":"gazania-hybrida","status":"publish","type":"product","link":"https:\/\/innocentiemangonipiante.it\/de\/gazania-hybrida\/","title":{"rendered":"GAZANIA hybrida"},"content":{"rendered":"<p>Staudensorte die in k\u00e4lteren Klimas als einjahrige Pflanze kultiviert wird. Anfang Fr\u00fchling bis Ende Sommer produziert gelb- und orangenfarbene G\u00e4nsebl\u00fcmchenartige Bl\u00fcten.<\/p>\n","protected":false},"excerpt":{"rendered":"<p>Staudensorte die in k\u00e4lteren Klimas als einjahrige Pflanze kultiviert wird. Anfang Fr\u00fchling bis Ende Sommer produziert gelb- und orangenfarbene G\u00e4nsebl\u00fcmchenartige Bl\u00fcten.<\/p>\n","protected":false},"featured_media":22201,"template":"","meta":{"_acf_changed":false},"product_brand":[],"product_cat":[8829],"product_tag":[10898],"class_list":{"0":"post-28775","1":"product","2":"type-product","3":"status-publish","4":"has-post-thumbnail","6":"product_cat-mehrjahrige-krauter","7":"product_tag-naturlichen","8":"pa_altezza-massima-0_15-meter","9":"pa_altezza-massima-0_40-meter","10":"pa_colore-fioritura-gelbe","11":"pa_condizionamento-clt-de","12":"pa_famiglia-asteraceae-compositae-de","13":"pa_genere-gazania-de","14":"pa_origine-sudafrika","15":"pa_periodo-fioritura-august-de","16":"pa_periodo-fioritura-juli","17":"pa_periodo-fioritura-juni","18":"pa_periodo-fioritura-mai-de","19":"pa_portamento-eretto-de","20":"pa_resistenza-climatica-mittel","21":"pa_resistenza-del-suolo-bestandig-gegen-kalkhaltige-boden","22":"pa_resistenza-del-suolo-bestandig-gegen-trockene-boden","23":"pa_salinita-bestaendigkeit-in-meeresluft","24":"pa_utilizzo-balkone","25":"pa_utilizzo-bordueren","26":"pa_utilizzo-kleine-gaerten","28":"first","29":"instock","30":"purchasable","31":"product-type-simple"},"acf":[],"_links":{"self":[{"href":"https:\/\/innocentiemangonipiante.it\/de\/wp-json\/wp\/v2\/product\/28775","targetHints":{"allow":["GET"]}}],"collection":[{"href":"https:\/\/innocentiemangonipiante.it\/de\/wp-json\/wp\/v2\/product"}],"about":[{"href":"https:\/\/innocentiemangonipiante.it\/de\/wp-json\/wp\/v2\/types\/product"}],"wp:featuredmedia":[{"embeddable":true,"href":"https:\/\/innocentiemangonipiante.it\/de\/wp-json\/wp\/v2\/media\/22201"}],"wp:attachment":[{"href":"https:\/\/innocentiemangonipiante.it\/de\/wp-json\/wp\/v2\/media?parent=28775"}],"wp:term":[{"taxonomy":"product_brand","embeddable":true,"href":"https:\/\/innocentiemangonipiante.it\/de\/wp-json\/wp\/v2\/product_brand?post=28775"},{"taxonomy":"product_cat","embeddable":true,"href":"https:\/\/innocentiemangonipiante.it\/de\/wp-json\/wp\/v2\/product_cat?post=28775"},{"taxonomy":"product_tag","embeddable":true,"href":"https:\/\/innocentiemangonipiante.it\/de\/wp-json\/wp\/v2\/product_tag?post=28775"}],"curies":[{"name":"wp","href":"https:\/\/api.w.org\/{rel}","templated":true}]}}