{"id":28783,"date":"2023-11-04T01:03:17","date_gmt":"2023-11-04T00:03:17","guid":{"rendered":"http:\/\/innocentiemangonipiante.it\/ginkgo-biloba-fastigiata\/"},"modified":"2023-11-06T18:25:39","modified_gmt":"2023-11-06T17:25:39","slug":"ginkgo-biloba-fastigiata","status":"publish","type":"product","link":"https:\/\/innocentiemangonipiante.it\/de\/ginkgo-biloba-fastigiata\/","title":{"rendered":"GINKGO biloba &#8218;Fastigiata&#8216;"},"content":{"rendered":"<p>Laub Nadelbaum. Das Wachstum ist von fastigiata bis s\u00e4ulenform. Sowohl die Verzweigungs als auch das Laub sind sehr dicht, so da\u00df die Pflanzen sehr kompakt aussehen. Die mittelgr\u00fcnen Bl\u00e4tter im Herbst \u00e4ndern zu goldgelb.<\/p>\n","protected":false},"excerpt":{"rendered":"<p>Laub Nadelbaum. Das Wachstum ist von fastigiata bis s\u00e4ulenform. Sowohl die Verzweigungs als auch das Laub sind sehr dicht, so da\u00df die Pflanzen sehr kompakt aussehen. Die mittelgr\u00fcnen Bl\u00e4tter im Herbst \u00e4ndern zu goldgelb.<\/p>\n","protected":false},"featured_media":44829,"template":"","meta":{"_acf_changed":false},"product_brand":[],"product_cat":[8825,9231],"product_tag":[10898],"class_list":{"0":"post-28783","1":"product","2":"type-product","3":"status-publish","4":"has-post-thumbnail","6":"product_cat-koniferen","7":"product_cat-baume-und-pflanzen-der-zukunft","8":"product_tag-naturlichen","9":"pa_altezza-massima-1000-de-2","10":"pa_altezza-massima-15-meter","11":"pa_famiglia-ginkgoaceae-de","12":"pa_genere-ginkgo-de","13":"pa_inquinamento-bestaendigkeit-gegen-smog","14":"pa_origine-europe-de","15":"pa_portamento-saulenformig","16":"pa_resistenza-climatica-sehr-hoch","17":"pa_resistenza-del-suolo-bestandig-gegen-kalkhaltige-boden","18":"pa_utilizzo-parks-de","20":"first","21":"instock","22":"purchasable","23":"product-type-simple"},"acf":[],"_links":{"self":[{"href":"https:\/\/innocentiemangonipiante.it\/de\/wp-json\/wp\/v2\/product\/28783","targetHints":{"allow":["GET"]}}],"collection":[{"href":"https:\/\/innocentiemangonipiante.it\/de\/wp-json\/wp\/v2\/product"}],"about":[{"href":"https:\/\/innocentiemangonipiante.it\/de\/wp-json\/wp\/v2\/types\/product"}],"wp:featuredmedia":[{"embeddable":true,"href":"https:\/\/innocentiemangonipiante.it\/de\/wp-json\/wp\/v2\/media\/44829"}],"wp:attachment":[{"href":"https:\/\/innocentiemangonipiante.it\/de\/wp-json\/wp\/v2\/media?parent=28783"}],"wp:term":[{"taxonomy":"product_brand","embeddable":true,"href":"https:\/\/innocentiemangonipiante.it\/de\/wp-json\/wp\/v2\/product_brand?post=28783"},{"taxonomy":"product_cat","embeddable":true,"href":"https:\/\/innocentiemangonipiante.it\/de\/wp-json\/wp\/v2\/product_cat?post=28783"},{"taxonomy":"product_tag","embeddable":true,"href":"https:\/\/innocentiemangonipiante.it\/de\/wp-json\/wp\/v2\/product_tag?post=28783"}],"curies":[{"name":"wp","href":"https:\/\/api.w.org\/{rel}","templated":true}]}}