{"id":28793,"date":"2023-11-04T01:04:41","date_gmt":"2023-11-04T00:04:41","guid":{"rendered":"http:\/\/innocentiemangonipiante.it\/gleditsia-triacanthos-sunburst-2\/"},"modified":"2023-11-06T18:26:22","modified_gmt":"2023-11-06T17:26:22","slug":"gleditsia-triacanthos-sunburst","status":"publish","type":"product","link":"https:\/\/innocentiemangonipiante.it\/de\/gleditsia-triacanthos-sunburst\/","title":{"rendered":"GLEDITSIA triacanthos &#8218;Sunburst&#8216; \u00ae"},"content":{"rendered":"<p>Kleiner sommergr\u00fcner, breit kegelf\u00f6rmiger Baum mit leuchtend grau-gr\u00fcner Rinde. Die Spitzen der dornlosen Zweige sind goldgelb. Die wechselst\u00e4ndigen, paarig gefiederten Bl\u00e4tter bestehen jeweils aus 20-30 l\u00e4nglichen und spitz zulaufenden Bl\u00e4ttchen, die 2-3 cm lang und goldgelb sind.<\/p>\n","protected":false},"excerpt":{"rendered":"<p>Kleiner sommergr\u00fcner, breit kegelf\u00f6rmiger Baum mit leuchtend grau-gr\u00fcner Rinde. Die Spitzen der dornlosen Zweige sind goldgelb. Die wechselst\u00e4ndigen, paarig gefiederten Bl\u00e4tter bestehen jeweils aus 20-30 l\u00e4nglichen und spitz zulaufenden Bl\u00e4ttchen, die 2-3 cm lang und goldgelb sind.<\/p>\n","protected":false},"featured_media":22249,"template":"","meta":{"_acf_changed":false},"product_brand":[],"product_cat":[8813,9231],"product_tag":[10898,8401,10902],"class_list":{"0":"post-28793","1":"product","2":"type-product","3":"status-publish","4":"has-post-thumbnail","6":"product_cat-laubbaume-und-straucher","7":"product_cat-baume-und-pflanzen-der-zukunft","8":"product_tag-naturlichen","9":"product_tag-hochstamm","10":"product_tag-stammbusch","11":"pa_altezza-massima-800-de","12":"pa_altezza-massima-12-meter","13":"pa_condizionamento-clt-de","14":"pa_condizionamento-m-de","15":"pa_famiglia-leguminosae-de","16":"pa_genere-gleditsia-de","17":"pa_inquinamento-bestaendigkeit-gegen-smog","18":"pa_origine-u-s-a","19":"pa_portamento-piramidale-de","20":"pa_resistenza-climatica-sehr-hoch","21":"pa_resistenza-del-suolo-bestandig-gegen-kalkhaltige-boden","22":"pa_resistenza-del-suolo-bestandig-gegen-trockene-boden","23":"pa_resistenza-del-suolo-resistent-gegen-arme-boeden","24":"pa_salinita-bestaendigkeit-in-meeresluft","25":"pa_utilizzo-parks-de","27":"first","28":"instock","29":"purchasable","30":"product-type-simple"},"acf":[],"_links":{"self":[{"href":"https:\/\/innocentiemangonipiante.it\/de\/wp-json\/wp\/v2\/product\/28793","targetHints":{"allow":["GET"]}}],"collection":[{"href":"https:\/\/innocentiemangonipiante.it\/de\/wp-json\/wp\/v2\/product"}],"about":[{"href":"https:\/\/innocentiemangonipiante.it\/de\/wp-json\/wp\/v2\/types\/product"}],"wp:featuredmedia":[{"embeddable":true,"href":"https:\/\/innocentiemangonipiante.it\/de\/wp-json\/wp\/v2\/media\/22249"}],"wp:attachment":[{"href":"https:\/\/innocentiemangonipiante.it\/de\/wp-json\/wp\/v2\/media?parent=28793"}],"wp:term":[{"taxonomy":"product_brand","embeddable":true,"href":"https:\/\/innocentiemangonipiante.it\/de\/wp-json\/wp\/v2\/product_brand?post=28793"},{"taxonomy":"product_cat","embeddable":true,"href":"https:\/\/innocentiemangonipiante.it\/de\/wp-json\/wp\/v2\/product_cat?post=28793"},{"taxonomy":"product_tag","embeddable":true,"href":"https:\/\/innocentiemangonipiante.it\/de\/wp-json\/wp\/v2\/product_tag?post=28793"}],"curies":[{"name":"wp","href":"https:\/\/api.w.org\/{rel}","templated":true}]}}