{"id":28805,"date":"2023-11-04T01:05:50","date_gmt":"2023-11-04T00:05:50","guid":{"rendered":"http:\/\/innocentiemangonipiante.it\/halesia-carolina\/"},"modified":"2023-11-06T18:27:20","modified_gmt":"2023-11-06T17:27:20","slug":"halesia-carolina","status":"publish","type":"product","link":"https:\/\/innocentiemangonipiante.it\/de\/halesia-carolina\/","title":{"rendered":"HALESIA carolina"},"content":{"rendered":"<p>Strauch oder kleiner Baum. Glatte Rinde, hellbraun oder grau. Gr\u00fcne Bl\u00e4tter. Interessant f\u00fcr rosa-wei\u00dfen glockenf\u00f6rmigen Blumen im Fr\u00fchling.<\/p>\n","protected":false},"excerpt":{"rendered":"<p>Strauch oder kleiner Baum. Glatte Rinde, hellbraun oder grau. Gr\u00fcne Bl\u00e4tter. Interessant f\u00fcr rosa-wei\u00dfen glockenf\u00f6rmigen Blumen im Fr\u00fchling.<\/p>\n","protected":false},"featured_media":22303,"template":"","meta":{"_acf_changed":false},"product_brand":[],"product_cat":[8318],"product_tag":[10898],"class_list":{"0":"post-28805","1":"product","2":"type-product","3":"status-publish","4":"has-post-thumbnail","6":"product_cat-keine-kategorie","7":"product_tag-naturlichen","8":"pa_altezza-massima-400-de","9":"pa_altezza-massima-600-de","10":"pa_colore-fioritura-weis","11":"pa_famiglia-styracaceae-de","12":"pa_genere-halesia-de","13":"pa_origine-u-s-a","14":"pa_periodo-fioritura-april-de","15":"pa_periodo-fioritura-mai-de","16":"pa_portamento-arrotondato-de","17":"pa_resistenza-climatica-sehr-hoch","18":"pa_resistenza-del-suolo-bestandigkeit-auf-feuchten-boden","19":"pa_utilizzo-kleine-gaerten","21":"first","22":"instock","23":"purchasable","24":"product-type-simple"},"acf":[],"_links":{"self":[{"href":"https:\/\/innocentiemangonipiante.it\/de\/wp-json\/wp\/v2\/product\/28805","targetHints":{"allow":["GET"]}}],"collection":[{"href":"https:\/\/innocentiemangonipiante.it\/de\/wp-json\/wp\/v2\/product"}],"about":[{"href":"https:\/\/innocentiemangonipiante.it\/de\/wp-json\/wp\/v2\/types\/product"}],"wp:featuredmedia":[{"embeddable":true,"href":"https:\/\/innocentiemangonipiante.it\/de\/wp-json\/wp\/v2\/media\/22303"}],"wp:attachment":[{"href":"https:\/\/innocentiemangonipiante.it\/de\/wp-json\/wp\/v2\/media?parent=28805"}],"wp:term":[{"taxonomy":"product_brand","embeddable":true,"href":"https:\/\/innocentiemangonipiante.it\/de\/wp-json\/wp\/v2\/product_brand?post=28805"},{"taxonomy":"product_cat","embeddable":true,"href":"https:\/\/innocentiemangonipiante.it\/de\/wp-json\/wp\/v2\/product_cat?post=28805"},{"taxonomy":"product_tag","embeddable":true,"href":"https:\/\/innocentiemangonipiante.it\/de\/wp-json\/wp\/v2\/product_tag?post=28805"}],"curies":[{"name":"wp","href":"https:\/\/api.w.org\/{rel}","templated":true}]}}