{"id":28926,"date":"2023-11-04T01:17:00","date_gmt":"2023-11-04T00:17:00","guid":{"rendered":"http:\/\/innocentiemangonipiante.it\/ilex-aquifolium-3\/"},"modified":"2023-11-06T18:34:16","modified_gmt":"2023-11-06T17:34:16","slug":"ilex-aquifolium","status":"publish","type":"product","link":"https:\/\/innocentiemangonipiante.it\/de\/ilex-aquifolium\/","title":{"rendered":"ILEX aquifolium"},"content":{"rendered":"<p>Immergr\u00fcner Baum oder Strauch, meist aufrecht stehend und dicht. Die dunkelgr\u00fcnen, elliptischen oder eif\u00f6rmigen gl\u00e4nzenden Bl\u00e4tter werden 5-10 cm lang mit ganz gewellten und dornigen R\u00e4ndern.<\/p>\n","protected":false},"excerpt":{"rendered":"<p>Immergr\u00fcner Baum oder Strauch, meist aufrecht stehend und dicht. Die dunkelgr\u00fcnen, elliptischen oder eif\u00f6rmigen gl\u00e4nzenden Bl\u00e4tter werden 5-10 cm lang mit ganz gewellten und dornigen R\u00e4ndern.<\/p>\n","protected":false},"featured_media":22546,"template":"","meta":{"_acf_changed":false},"product_brand":[],"product_cat":[8816],"product_tag":[10898],"class_list":{"0":"post-28926","1":"product","2":"type-product","3":"status-publish","4":"has-post-thumbnail","6":"product_cat-hartnaeckige-baeume-und-straeucher","7":"product_tag-naturlichen","8":"pa_altezza-massima-1000-de-2","9":"pa_altezza-massima-15-meter","10":"pa_colore-fioritura-weis","11":"pa_famiglia-aquifoliaceae-de","12":"pa_genere-ilex-de","13":"pa_inquinamento-bestaendigkeit-gegen-smog","14":"pa_origine-europaischen-mittelmeeres","15":"pa_periodo-fioritura-oktober","16":"pa_periodo-fioritura-september-de","17":"pa_periodo-fruttificazione-dezember","18":"pa_periodo-fruttificazione-november-de","19":"pa_portamento-conico-de","20":"pa_resistenza-climatica-sehr-hoch","21":"pa_salinita-bestaendigkeit-in-meeresluft","22":"pa_utilizzo-balkone","23":"pa_utilizzo-hecken","24":"pa_utilizzo-kleine-gaerten","25":"pa_utilizzo-parks-de","27":"first","28":"instock","29":"purchasable","30":"product-type-simple"},"acf":[],"_links":{"self":[{"href":"https:\/\/innocentiemangonipiante.it\/de\/wp-json\/wp\/v2\/product\/28926","targetHints":{"allow":["GET"]}}],"collection":[{"href":"https:\/\/innocentiemangonipiante.it\/de\/wp-json\/wp\/v2\/product"}],"about":[{"href":"https:\/\/innocentiemangonipiante.it\/de\/wp-json\/wp\/v2\/types\/product"}],"wp:featuredmedia":[{"embeddable":true,"href":"https:\/\/innocentiemangonipiante.it\/de\/wp-json\/wp\/v2\/media\/22546"}],"wp:attachment":[{"href":"https:\/\/innocentiemangonipiante.it\/de\/wp-json\/wp\/v2\/media?parent=28926"}],"wp:term":[{"taxonomy":"product_brand","embeddable":true,"href":"https:\/\/innocentiemangonipiante.it\/de\/wp-json\/wp\/v2\/product_brand?post=28926"},{"taxonomy":"product_cat","embeddable":true,"href":"https:\/\/innocentiemangonipiante.it\/de\/wp-json\/wp\/v2\/product_cat?post=28926"},{"taxonomy":"product_tag","embeddable":true,"href":"https:\/\/innocentiemangonipiante.it\/de\/wp-json\/wp\/v2\/product_tag?post=28926"}],"curies":[{"name":"wp","href":"https:\/\/api.w.org\/{rel}","templated":true}]}}