{"id":28927,"date":"2023-11-04T01:17:06","date_gmt":"2023-11-04T00:17:06","guid":{"rendered":"http:\/\/innocentiemangonipiante.it\/ilex-aquifolium-alaska\/"},"modified":"2023-11-06T18:34:19","modified_gmt":"2023-11-06T17:34:19","slug":"ilex-aquifolium-alaska","status":"publish","type":"product","link":"https:\/\/innocentiemangonipiante.it\/de\/ilex-aquifolium-alaska\/","title":{"rendered":"ILEX aquifolium &#8218;Alaska&#8216;"},"content":{"rendered":"<p>Immergr\u00fcner kompakter Strauch. Sehr rustikale und lederne Pflanze mit dunkelgr\u00fcnen, gl\u00e4nzenden, 2 bis 4 cm langen Bl\u00e4ttern mit stark gekr\u00e4uselten und dornigen R\u00e4ndern. Wahrscheinlich die fruchtbarste Sorte.<\/p>\n","protected":false},"excerpt":{"rendered":"<p>Immergr\u00fcner kompakter Strauch. Sehr rustikale und lederne Pflanze mit dunkelgr\u00fcnen, gl\u00e4nzenden, 2 bis 4 cm langen Bl\u00e4ttern mit stark gekr\u00e4uselten und dornigen R\u00e4ndern. Wahrscheinlich die fruchtbarste Sorte.<\/p>\n","protected":false},"featured_media":22552,"template":"","meta":{"_acf_changed":false},"product_brand":[],"product_cat":[8816],"product_tag":[10898],"class_list":{"0":"post-28927","1":"product","2":"type-product","3":"status-publish","4":"has-post-thumbnail","6":"product_cat-hartnaeckige-baeume-und-straeucher","7":"product_tag-naturlichen","8":"pa_altezza-massima-400-de","9":"pa_altezza-massima-600-de","10":"pa_colore-fioritura-weis","11":"pa_famiglia-aquifoliaceae-de","12":"pa_genere-ilex-de","13":"pa_origine-holland-de","14":"pa_periodo-fioritura-oktober","15":"pa_periodo-fioritura-september-de","16":"pa_portamento-arrotondato-de","17":"pa_resistenza-climatica-sehr-hoch","18":"pa_salinita-bestaendigkeit-in-meeresluft","19":"pa_utilizzo-hecken","20":"pa_utilizzo-kleine-gaerten","21":"pa_utilizzo-parks-de","23":"first","24":"instock","25":"purchasable","26":"product-type-simple"},"acf":[],"_links":{"self":[{"href":"https:\/\/innocentiemangonipiante.it\/de\/wp-json\/wp\/v2\/product\/28927","targetHints":{"allow":["GET"]}}],"collection":[{"href":"https:\/\/innocentiemangonipiante.it\/de\/wp-json\/wp\/v2\/product"}],"about":[{"href":"https:\/\/innocentiemangonipiante.it\/de\/wp-json\/wp\/v2\/types\/product"}],"wp:featuredmedia":[{"embeddable":true,"href":"https:\/\/innocentiemangonipiante.it\/de\/wp-json\/wp\/v2\/media\/22552"}],"wp:attachment":[{"href":"https:\/\/innocentiemangonipiante.it\/de\/wp-json\/wp\/v2\/media?parent=28927"}],"wp:term":[{"taxonomy":"product_brand","embeddable":true,"href":"https:\/\/innocentiemangonipiante.it\/de\/wp-json\/wp\/v2\/product_brand?post=28927"},{"taxonomy":"product_cat","embeddable":true,"href":"https:\/\/innocentiemangonipiante.it\/de\/wp-json\/wp\/v2\/product_cat?post=28927"},{"taxonomy":"product_tag","embeddable":true,"href":"https:\/\/innocentiemangonipiante.it\/de\/wp-json\/wp\/v2\/product_tag?post=28927"}],"curies":[{"name":"wp","href":"https:\/\/api.w.org\/{rel}","templated":true}]}}