{"id":28955,"date":"2023-11-04T01:20:10","date_gmt":"2023-11-04T00:20:10","guid":{"rendered":"http:\/\/innocentiemangonipiante.it\/ilex-x-altaclerensis-golden-king-2\/"},"modified":"2023-11-06T18:37:33","modified_gmt":"2023-11-06T17:37:33","slug":"ilex-x-altaclerensis-golden-king","status":"publish","type":"product","link":"https:\/\/innocentiemangonipiante.it\/de\/ilex-x-altaclerensis-golden-king\/","title":{"rendered":"ILEX x altaclerensis &#8218;Golden King&#8216;"},"content":{"rendered":"<p>Kompakter, weiblicher Strauch mit l\u00e4nglich-eif\u00f6rmigen, gez\u00e4hnten Bl\u00e4ttern mit einigen, wenigen nicht sehr spitzen Dornen. Die Bl\u00e4tter haben gr\u00fcne Flecken in der Mitte und breite dunkelgelbe R\u00e4nder. Sehr gute Fruchtbildung.<\/p>\n","protected":false},"excerpt":{"rendered":"<p>Kompakter, weiblicher Strauch mit l\u00e4nglich-eif\u00f6rmigen, gez\u00e4hnten Bl\u00e4ttern mit einigen, wenigen nicht sehr spitzen Dornen. Die Bl\u00e4tter haben gr\u00fcne Flecken in der Mitte und breite dunkelgelbe R\u00e4nder. Sehr gute Fruchtbildung.<\/p>\n","protected":false},"featured_media":22634,"template":"","meta":{"_acf_changed":false},"product_brand":[],"product_cat":[8816],"product_tag":[10898],"class_list":{"0":"post-28955","1":"product","2":"type-product","3":"status-publish","4":"has-post-thumbnail","6":"product_cat-hartnaeckige-baeume-und-straeucher","7":"product_tag-naturlichen","8":"pa_altezza-massima-400-de","9":"pa_altezza-massima-600-de","10":"pa_colore-fioritura-weis","11":"pa_famiglia-aquifoliaceae-de","12":"pa_genere-ilex-de","13":"pa_origine-holland-de","14":"pa_periodo-fioritura-november-de","15":"pa_periodo-fioritura-oktober","16":"pa_periodo-fruttificazione-dezember","17":"pa_periodo-fruttificazione-november-de","18":"pa_portamento-conico-de","19":"pa_resistenza-climatica-sehr-hoch","20":"pa_salinita-bestaendigkeit-in-meeresluft","21":"pa_utilizzo-kleine-gaerten","22":"pa_utilizzo-parks-de","24":"first","25":"instock","26":"purchasable","27":"product-type-simple"},"acf":[],"_links":{"self":[{"href":"https:\/\/innocentiemangonipiante.it\/de\/wp-json\/wp\/v2\/product\/28955","targetHints":{"allow":["GET"]}}],"collection":[{"href":"https:\/\/innocentiemangonipiante.it\/de\/wp-json\/wp\/v2\/product"}],"about":[{"href":"https:\/\/innocentiemangonipiante.it\/de\/wp-json\/wp\/v2\/types\/product"}],"wp:featuredmedia":[{"embeddable":true,"href":"https:\/\/innocentiemangonipiante.it\/de\/wp-json\/wp\/v2\/media\/22634"}],"wp:attachment":[{"href":"https:\/\/innocentiemangonipiante.it\/de\/wp-json\/wp\/v2\/media?parent=28955"}],"wp:term":[{"taxonomy":"product_brand","embeddable":true,"href":"https:\/\/innocentiemangonipiante.it\/de\/wp-json\/wp\/v2\/product_brand?post=28955"},{"taxonomy":"product_cat","embeddable":true,"href":"https:\/\/innocentiemangonipiante.it\/de\/wp-json\/wp\/v2\/product_cat?post=28955"},{"taxonomy":"product_tag","embeddable":true,"href":"https:\/\/innocentiemangonipiante.it\/de\/wp-json\/wp\/v2\/product_tag?post=28955"}],"curies":[{"name":"wp","href":"https:\/\/api.w.org\/{rel}","templated":true}]}}