{"id":28959,"date":"2023-11-04T01:20:34","date_gmt":"2023-11-04T00:20:34","guid":{"rendered":"http:\/\/innocentiemangonipiante.it\/imperata-cylindrica-red-baron\/"},"modified":"2023-11-06T18:38:01","modified_gmt":"2023-11-06T17:38:01","slug":"imperata-cylindrica-red-baron","status":"publish","type":"product","link":"https:\/\/innocentiemangonipiante.it\/de\/imperata-cylindrica-red-baron\/","title":{"rendered":"IMPERATA cylindrica &#8218;Red Baron&#8216;"},"content":{"rendered":"<p>Perennierende Pflanzen mit einem langsamen Wachstum und gr\u00fcnen, flachen, linearischen bis 50cm langen Bl\u00e4ttern, die schnell zu blutrot wechseln. Am Sommerende produziert es weiss-silberne bis 4,5cm langen Bl\u00fctenkolben.<\/p>\n","protected":false},"excerpt":{"rendered":"<p>Perennierende Pflanzen mit einem langsamen Wachstum und gr\u00fcnen, flachen, linearischen bis 50cm langen Bl\u00e4ttern, die schnell zu blutrot wechseln. Am Sommerende produziert es weiss-silberne bis 4,5cm langen Bl\u00fctenkolben.<\/p>\n","protected":false},"featured_media":22641,"template":"","meta":{"_acf_changed":false},"product_brand":[],"product_cat":[8829],"product_tag":[10898],"class_list":{"0":"post-28959","1":"product","2":"type-product","3":"status-publish","4":"has-post-thumbnail","6":"product_cat-mehrjahrige-krauter","7":"product_tag-naturlichen","8":"pa_altezza-massima-0_15-meter","9":"pa_altezza-massima-0_40-meter","10":"pa_colore-fioritura-weis","11":"pa_condizionamento-clt-de","12":"pa_famiglia-poaceae-de","13":"pa_genere-imperata-de","14":"pa_origine-japan-de","15":"pa_periodo-fioritura-juli","16":"pa_periodo-fioritura-juni","17":"pa_portamento-eretto-de","18":"pa_resistenza-climatica-mittel","19":"pa_utilizzo-bordueren","20":"pa_utilizzo-kleine-gaerten","22":"first","23":"instock","24":"purchasable","25":"product-type-simple"},"acf":[],"_links":{"self":[{"href":"https:\/\/innocentiemangonipiante.it\/de\/wp-json\/wp\/v2\/product\/28959","targetHints":{"allow":["GET"]}}],"collection":[{"href":"https:\/\/innocentiemangonipiante.it\/de\/wp-json\/wp\/v2\/product"}],"about":[{"href":"https:\/\/innocentiemangonipiante.it\/de\/wp-json\/wp\/v2\/types\/product"}],"wp:featuredmedia":[{"embeddable":true,"href":"https:\/\/innocentiemangonipiante.it\/de\/wp-json\/wp\/v2\/media\/22641"}],"wp:attachment":[{"href":"https:\/\/innocentiemangonipiante.it\/de\/wp-json\/wp\/v2\/media?parent=28959"}],"wp:term":[{"taxonomy":"product_brand","embeddable":true,"href":"https:\/\/innocentiemangonipiante.it\/de\/wp-json\/wp\/v2\/product_brand?post=28959"},{"taxonomy":"product_cat","embeddable":true,"href":"https:\/\/innocentiemangonipiante.it\/de\/wp-json\/wp\/v2\/product_cat?post=28959"},{"taxonomy":"product_tag","embeddable":true,"href":"https:\/\/innocentiemangonipiante.it\/de\/wp-json\/wp\/v2\/product_tag?post=28959"}],"curies":[{"name":"wp","href":"https:\/\/api.w.org\/{rel}","templated":true}]}}