{"id":28968,"date":"2023-11-04T01:21:10","date_gmt":"2023-11-04T00:21:10","guid":{"rendered":"http:\/\/innocentiemangonipiante.it\/jacaranda-mimosifolia\/"},"modified":"2023-11-06T18:38:21","modified_gmt":"2023-11-06T17:38:21","slug":"jacaranda-mimosifolia","status":"publish","type":"product","link":"https:\/\/innocentiemangonipiante.it\/de\/jacaranda-mimosifolia\/","title":{"rendered":"JACARANDA mimosifolia"},"content":{"rendered":"<p>Sommergr\u00fcner Baum mit gl\u00e4nzenden gr\u00fcnen Bl\u00e4ttern. Vom Sommeranfang bis Herbst wundersch\u00f6ne kegelf\u00f6rmige blau-purpurrote Bl\u00fctenkolben.<\/p>\n","protected":false},"excerpt":{"rendered":"<p>Sommergr\u00fcner Baum mit gl\u00e4nzenden gr\u00fcnen Bl\u00e4ttern. Vom Sommeranfang bis Herbst wundersch\u00f6ne kegelf\u00f6rmige blau-purpurrote Bl\u00fctenkolben.<\/p>\n","protected":false},"featured_media":22672,"template":"","meta":{"_acf_changed":false},"product_brand":[],"product_cat":[8813],"product_tag":[10898,8401],"class_list":{"0":"post-28968","1":"product","2":"type-product","3":"status-publish","4":"has-post-thumbnail","6":"product_cat-laubbaume-und-straucher","7":"product_tag-naturlichen","8":"product_tag-hochstamm","9":"pa_altezza-massima-1000-de-2","10":"pa_altezza-massima-15-meter","11":"pa_colore-fioritura-blau","12":"pa_condizionamento-clt-de","13":"pa_famiglia-bignoniaceae-de","14":"pa_genere-jacaranda-de","15":"pa_origine-sudamerika","16":"pa_periodo-fioritura-august-de","17":"pa_periodo-fioritura-juli","18":"pa_periodo-fioritura-juni","19":"pa_periodo-fioritura-september-de","20":"pa_portamento-allargato-de","21":"pa_resistenza-climatica-sehr-niedrig","22":"pa_utilizzo-alleen","23":"pa_utilizzo-parks-de","25":"first","26":"instock","27":"purchasable","28":"product-type-simple"},"acf":[],"_links":{"self":[{"href":"https:\/\/innocentiemangonipiante.it\/de\/wp-json\/wp\/v2\/product\/28968","targetHints":{"allow":["GET"]}}],"collection":[{"href":"https:\/\/innocentiemangonipiante.it\/de\/wp-json\/wp\/v2\/product"}],"about":[{"href":"https:\/\/innocentiemangonipiante.it\/de\/wp-json\/wp\/v2\/types\/product"}],"wp:featuredmedia":[{"embeddable":true,"href":"https:\/\/innocentiemangonipiante.it\/de\/wp-json\/wp\/v2\/media\/22672"}],"wp:attachment":[{"href":"https:\/\/innocentiemangonipiante.it\/de\/wp-json\/wp\/v2\/media?parent=28968"}],"wp:term":[{"taxonomy":"product_brand","embeddable":true,"href":"https:\/\/innocentiemangonipiante.it\/de\/wp-json\/wp\/v2\/product_brand?post=28968"},{"taxonomy":"product_cat","embeddable":true,"href":"https:\/\/innocentiemangonipiante.it\/de\/wp-json\/wp\/v2\/product_cat?post=28968"},{"taxonomy":"product_tag","embeddable":true,"href":"https:\/\/innocentiemangonipiante.it\/de\/wp-json\/wp\/v2\/product_tag?post=28968"}],"curies":[{"name":"wp","href":"https:\/\/api.w.org\/{rel}","templated":true}]}}