{"id":28991,"date":"2023-11-04T01:23:31","date_gmt":"2023-11-04T00:23:31","guid":{"rendered":"http:\/\/innocentiemangonipiante.it\/juniperus-communis-hibernica-2\/"},"modified":"2023-11-06T18:49:36","modified_gmt":"2023-11-06T17:49:36","slug":"juniperus-communis-hibernica-2","status":"publish","type":"product","link":"https:\/\/innocentiemangonipiante.it\/de\/juniperus-communis-hibernica-2\/","title":{"rendered":"JUNIPERUS communis &#8218;Hibernica&#8216;"},"content":{"rendered":"<p>S\u00e4ulenf\u00f6rmiger Nadelbaum mit aufrecht nach oben stehendem und dichtem Astwerk. Die leicht stechenden Bl\u00e4tter sind gr\u00fcn-blau mit silbrigen T\u00f6nungen. Er kann eine Breite von 1,20 &#8211; 1,50 Metern erreichen.<\/p>\n","protected":false},"excerpt":{"rendered":"<p>S\u00e4ulenf\u00f6rmiger Nadelbaum mit aufrecht nach oben stehendem und dichtem Astwerk. Die leicht stechenden Bl\u00e4tter sind gr\u00fcn-blau mit silbrigen T\u00f6nungen. Er kann eine Breite von 1,20 &#8211; 1,50 Metern erreichen.<\/p>\n","protected":false},"featured_media":22706,"template":"","meta":{"_acf_changed":false},"product_brand":[],"product_cat":[8825,9231],"product_tag":[10898],"class_list":{"0":"post-28991","1":"product","2":"type-product","3":"status-publish","4":"has-post-thumbnail","6":"product_cat-koniferen","7":"product_cat-baume-und-pflanzen-der-zukunft","8":"product_tag-naturlichen","9":"pa_altezza-massima-300-de","10":"pa_altezza-massima-500-de","11":"pa_colore-delle-foglie-blau","12":"pa_famiglia-cupressaceae-de","13":"pa_genere-juniperus-de","14":"pa_inquinamento-bestaendigkeit-gegen-smog","15":"pa_origine-irland","16":"pa_periodo-fruttificazione-oktober","17":"pa_periodo-fruttificazione-september-de","18":"pa_portamento-saulenformig","19":"pa_resistenza-climatica-sehr-hoch","20":"pa_resistenza-del-suolo-bestandig-gegen-kalkhaltige-boden","21":"pa_resistenza-del-suolo-bestandig-gegen-trockene-boden","22":"pa_salinita-bestaendigkeit-in-meeresluft","23":"pa_utilizzo-kleine-gaerten","24":"pa_utilizzo-parks-de","26":"first","27":"instock","28":"purchasable","29":"product-type-simple"},"acf":[],"_links":{"self":[{"href":"https:\/\/innocentiemangonipiante.it\/de\/wp-json\/wp\/v2\/product\/28991","targetHints":{"allow":["GET"]}}],"collection":[{"href":"https:\/\/innocentiemangonipiante.it\/de\/wp-json\/wp\/v2\/product"}],"about":[{"href":"https:\/\/innocentiemangonipiante.it\/de\/wp-json\/wp\/v2\/types\/product"}],"wp:featuredmedia":[{"embeddable":true,"href":"https:\/\/innocentiemangonipiante.it\/de\/wp-json\/wp\/v2\/media\/22706"}],"wp:attachment":[{"href":"https:\/\/innocentiemangonipiante.it\/de\/wp-json\/wp\/v2\/media?parent=28991"}],"wp:term":[{"taxonomy":"product_brand","embeddable":true,"href":"https:\/\/innocentiemangonipiante.it\/de\/wp-json\/wp\/v2\/product_brand?post=28991"},{"taxonomy":"product_cat","embeddable":true,"href":"https:\/\/innocentiemangonipiante.it\/de\/wp-json\/wp\/v2\/product_cat?post=28991"},{"taxonomy":"product_tag","embeddable":true,"href":"https:\/\/innocentiemangonipiante.it\/de\/wp-json\/wp\/v2\/product_tag?post=28991"}],"curies":[{"name":"wp","href":"https:\/\/api.w.org\/{rel}","templated":true}]}}