{"id":29042,"date":"2023-11-04T01:27:42","date_gmt":"2023-11-04T00:27:42","guid":{"rendered":"http:\/\/innocentiemangonipiante.it\/koelreuteria-paniculata-coral-sun-2\/"},"modified":"2023-11-06T18:52:30","modified_gmt":"2023-11-06T17:52:30","slug":"koelreuteria-paniculata-coral-sun","status":"publish","type":"product","link":"https:\/\/innocentiemangonipiante.it\/de\/koelreuteria-paniculata-coral-sun\/","title":{"rendered":"KOELREUTERIA paniculata &#8218;Coral Sun&#8216; \u00ae"},"content":{"rendered":"<p>Gekennzeichnete Selektion durch sch\u00f6ne Korallen Farbe der neuer Vegetation. Wundersch\u00f6ne gelb-orange Herbstf\u00e4rbung.<\/p>\n","protected":false},"excerpt":{"rendered":"<p>Gekennzeichnete Selektion durch sch\u00f6ne Korallen Farbe der neuer Vegetation. Wundersch\u00f6ne gelb-orange Herbstf\u00e4rbung.<\/p>\n","protected":false},"featured_media":22778,"template":"","meta":{"_acf_changed":false},"product_brand":[],"product_cat":[8813],"product_tag":[10898],"class_list":{"0":"post-29042","1":"product","2":"type-product","3":"status-publish","4":"has-post-thumbnail","6":"product_cat-laubbaume-und-straucher","7":"product_tag-naturlichen","8":"pa_altezza-massima-500-de","9":"pa_altezza-massima-800-de","10":"pa_colore-delle-foglie-roten","11":"pa_colore-fioritura-gelbe","12":"pa_famiglia-sapindaceae-de","13":"pa_genere-koelreuteria-de","14":"pa_inquinamento-bestaendigkeit-gegen-smog","15":"pa_origine-holland-de","16":"pa_periodo-fioritura-august-de","17":"pa_periodo-fioritura-september-de","18":"pa_portamento-arrotondato-de","19":"pa_resistenza-climatica-sehr-hoch","20":"pa_resistenza-del-suolo-bestandig-gegen-kalkhaltige-boden","21":"pa_resistenza-del-suolo-bestandig-gegen-trockene-boden","22":"pa_utilizzo-kleine-gaerten","23":"pa_utilizzo-parks-de","25":"first","26":"instock","27":"purchasable","28":"product-type-simple"},"acf":[],"_links":{"self":[{"href":"https:\/\/innocentiemangonipiante.it\/de\/wp-json\/wp\/v2\/product\/29042","targetHints":{"allow":["GET"]}}],"collection":[{"href":"https:\/\/innocentiemangonipiante.it\/de\/wp-json\/wp\/v2\/product"}],"about":[{"href":"https:\/\/innocentiemangonipiante.it\/de\/wp-json\/wp\/v2\/types\/product"}],"wp:featuredmedia":[{"embeddable":true,"href":"https:\/\/innocentiemangonipiante.it\/de\/wp-json\/wp\/v2\/media\/22778"}],"wp:attachment":[{"href":"https:\/\/innocentiemangonipiante.it\/de\/wp-json\/wp\/v2\/media?parent=29042"}],"wp:term":[{"taxonomy":"product_brand","embeddable":true,"href":"https:\/\/innocentiemangonipiante.it\/de\/wp-json\/wp\/v2\/product_brand?post=29042"},{"taxonomy":"product_cat","embeddable":true,"href":"https:\/\/innocentiemangonipiante.it\/de\/wp-json\/wp\/v2\/product_cat?post=29042"},{"taxonomy":"product_tag","embeddable":true,"href":"https:\/\/innocentiemangonipiante.it\/de\/wp-json\/wp\/v2\/product_tag?post=29042"}],"curies":[{"name":"wp","href":"https:\/\/api.w.org\/{rel}","templated":true}]}}