{"id":29115,"date":"2023-11-04T01:36:49","date_gmt":"2023-11-04T00:36:49","guid":{"rendered":"http:\/\/innocentiemangonipiante.it\/leucothoe-axyllaris-curly-red\/"},"modified":"2023-11-06T18:58:43","modified_gmt":"2023-11-06T17:58:43","slug":"leucothoe-axyllaris-curly-red","status":"publish","type":"product","link":"https:\/\/innocentiemangonipiante.it\/de\/leucothoe-axyllaris-curly-red\/","title":{"rendered":"LEUCOTHOE axyllaris &#8218;Curly Red&#8216; \u00ae"},"content":{"rendered":"<p>Immergr\u00fcner Strauch. Die neuen Bl\u00e4tter sind Rot dann Mittelgr\u00fcn, konvex mit gewellten R\u00e4ndern. Mit der K\u00e4lte neigen die Bl\u00e4tter zu einer rotbraunen Farbe.<\/p>\n","protected":false},"excerpt":{"rendered":"<p>Immergr\u00fcner Strauch. Die neuen Bl\u00e4tter sind Rot dann Mittelgr\u00fcn, konvex mit gewellten R\u00e4ndern. Mit der K\u00e4lte neigen die Bl\u00e4tter zu einer rotbraunen Farbe.<\/p>\n","protected":false},"featured_media":22905,"template":"","meta":{"_acf_changed":false},"product_brand":[],"product_cat":[8816],"product_tag":[10898],"class_list":{"0":"post-29115","1":"product","2":"type-product","3":"status-publish","4":"has-post-thumbnail","6":"product_cat-hartnaeckige-baeume-und-straeucher","7":"product_tag-naturlichen","8":"pa_altezza-massima-0_50-meter","9":"pa_altezza-massima-0_75-meter","10":"pa_colore-fioritura-weis","11":"pa_famiglia-ericaceae-de","12":"pa_genere-leucothoe-de","13":"pa_origine-u-s-a","14":"pa_periodo-fioritura-april-de","15":"pa_periodo-fioritura-mai-de","16":"pa_portamento-eretto-de","17":"pa_resistenza-climatica-sehr-hoch","18":"pa_utilizzo-kleine-gaerten","20":"first","21":"instock","22":"purchasable","23":"product-type-simple"},"acf":[],"_links":{"self":[{"href":"https:\/\/innocentiemangonipiante.it\/de\/wp-json\/wp\/v2\/product\/29115","targetHints":{"allow":["GET"]}}],"collection":[{"href":"https:\/\/innocentiemangonipiante.it\/de\/wp-json\/wp\/v2\/product"}],"about":[{"href":"https:\/\/innocentiemangonipiante.it\/de\/wp-json\/wp\/v2\/types\/product"}],"wp:featuredmedia":[{"embeddable":true,"href":"https:\/\/innocentiemangonipiante.it\/de\/wp-json\/wp\/v2\/media\/22905"}],"wp:attachment":[{"href":"https:\/\/innocentiemangonipiante.it\/de\/wp-json\/wp\/v2\/media?parent=29115"}],"wp:term":[{"taxonomy":"product_brand","embeddable":true,"href":"https:\/\/innocentiemangonipiante.it\/de\/wp-json\/wp\/v2\/product_brand?post=29115"},{"taxonomy":"product_cat","embeddable":true,"href":"https:\/\/innocentiemangonipiante.it\/de\/wp-json\/wp\/v2\/product_cat?post=29115"},{"taxonomy":"product_tag","embeddable":true,"href":"https:\/\/innocentiemangonipiante.it\/de\/wp-json\/wp\/v2\/product_tag?post=29115"}],"curies":[{"name":"wp","href":"https:\/\/api.w.org\/{rel}","templated":true}]}}