{"id":29117,"date":"2023-11-04T01:36:54","date_gmt":"2023-11-04T00:36:54","guid":{"rendered":"http:\/\/innocentiemangonipiante.it\/leucothoe-axyllaris-red-lips\/"},"modified":"2023-11-06T18:58:46","modified_gmt":"2023-11-06T17:58:46","slug":"leucothoe-axyllaris-red-lips","status":"publish","type":"product","link":"https:\/\/innocentiemangonipiante.it\/de\/leucothoe-axyllaris-red-lips\/","title":{"rendered":"LEUCOTHOE axyllaris &#8218;Red Lips&#8216;"},"content":{"rendered":"<p>Kleiner dekorativer Strauch mit jungen purpurroten Bl\u00e4ttern, dann Gr\u00fcn werdend. Im Winter wird das Blattwerk weinrote T\u00f6nungen nehmen. Weisse Bl\u00fcte am Fr\u00fchlingsende bis Sommeranfang.<\/p>\n","protected":false},"excerpt":{"rendered":"<p>Kleiner dekorativer Strauch mit jungen purpurroten Bl\u00e4ttern, dann Gr\u00fcn werdend. Im Winter wird das Blattwerk weinrote T\u00f6nungen nehmen. Weisse Bl\u00fcte am Fr\u00fchlingsende bis Sommeranfang.<\/p>\n","protected":false},"featured_media":22911,"template":"","meta":{"_acf_changed":false},"product_brand":[],"product_cat":[8816],"product_tag":[10898],"class_list":{"0":"post-29117","1":"product","2":"type-product","3":"status-publish","4":"has-post-thumbnail","6":"product_cat-hartnaeckige-baeume-und-straeucher","7":"product_tag-naturlichen","8":"pa_altezza-massima-0_30-meter","9":"pa_altezza-massima-0_50-meter","10":"pa_colore-delle-foglie-roten","11":"pa_colore-fioritura-weis","12":"pa_famiglia-ericaceae-de","13":"pa_genere-leucothoe-de","14":"pa_origine-u-s-a","15":"pa_periodo-fioritura-juni","16":"pa_periodo-fioritura-mai-de","17":"pa_portamento-eretto-de","18":"pa_resistenza-climatica-sehr-hoch","19":"pa_utilizzo-kleine-gaerten","21":"first","22":"instock","23":"purchasable","24":"product-type-simple"},"acf":[],"_links":{"self":[{"href":"https:\/\/innocentiemangonipiante.it\/de\/wp-json\/wp\/v2\/product\/29117","targetHints":{"allow":["GET"]}}],"collection":[{"href":"https:\/\/innocentiemangonipiante.it\/de\/wp-json\/wp\/v2\/product"}],"about":[{"href":"https:\/\/innocentiemangonipiante.it\/de\/wp-json\/wp\/v2\/types\/product"}],"wp:featuredmedia":[{"embeddable":true,"href":"https:\/\/innocentiemangonipiante.it\/de\/wp-json\/wp\/v2\/media\/22911"}],"wp:attachment":[{"href":"https:\/\/innocentiemangonipiante.it\/de\/wp-json\/wp\/v2\/media?parent=29117"}],"wp:term":[{"taxonomy":"product_brand","embeddable":true,"href":"https:\/\/innocentiemangonipiante.it\/de\/wp-json\/wp\/v2\/product_brand?post=29117"},{"taxonomy":"product_cat","embeddable":true,"href":"https:\/\/innocentiemangonipiante.it\/de\/wp-json\/wp\/v2\/product_cat?post=29117"},{"taxonomy":"product_tag","embeddable":true,"href":"https:\/\/innocentiemangonipiante.it\/de\/wp-json\/wp\/v2\/product_tag?post=29117"}],"curies":[{"name":"wp","href":"https:\/\/api.w.org\/{rel}","templated":true}]}}