{"id":29121,"date":"2023-11-04T01:37:06","date_gmt":"2023-11-04T00:37:06","guid":{"rendered":"http:\/\/innocentiemangonipiante.it\/leucothoe-fontanesiana-rainbow\/"},"modified":"2023-11-06T18:58:52","modified_gmt":"2023-11-06T17:58:52","slug":"leucothoe-fontanesiana-rainbow","status":"publish","type":"product","link":"https:\/\/innocentiemangonipiante.it\/de\/leucothoe-fontanesiana-rainbow\/","title":{"rendered":"LEUCOTHOE fontanesiana &#8218;Rainbow&#8216;"},"content":{"rendered":"<p>Immergr\u00fcner aufrechter Strauch mit lanzettartigen Bl\u00e4ttern, die beim Jungwuchs dunkel purpurrot sind, sp\u00e4ter dunkelgr\u00fcn und bronzefarben im Winter. Im Fr\u00fchjahr sprie\u00dfen kleine wei\u00dfe zylinderf\u00f6rmige Bl\u00fcten.<\/p>\n","protected":false},"excerpt":{"rendered":"<p>Immergr\u00fcner aufrechter Strauch mit lanzettartigen Bl\u00e4ttern, die beim Jungwuchs dunkel purpurrot sind, sp\u00e4ter dunkelgr\u00fcn und bronzefarben im Winter. Im Fr\u00fchjahr sprie\u00dfen kleine wei\u00dfe zylinderf\u00f6rmige Bl\u00fcten.<\/p>\n","protected":false},"featured_media":22923,"template":"","meta":{"_acf_changed":false},"product_brand":[],"product_cat":[8816],"product_tag":[10898],"class_list":{"0":"post-29121","1":"product","2":"type-product","3":"status-publish","4":"has-post-thumbnail","6":"product_cat-hartnaeckige-baeume-und-straeucher","7":"product_tag-naturlichen","8":"pa_altezza-massima-0_80-meter","9":"pa_altezza-massima-130-de","10":"pa_colore-fioritura-weis","11":"pa_famiglia-ericaceae-de","12":"pa_genere-leucothoe-de","13":"pa_origine-sudamerika","14":"pa_periodo-fioritura-april-de","15":"pa_periodo-fioritura-mai-de","16":"pa_portamento-eretto-de","17":"pa_resistenza-climatica-sehr-hoch","18":"pa_utilizzo-kleine-gaerten","20":"first","21":"instock","22":"purchasable","23":"product-type-simple"},"acf":[],"_links":{"self":[{"href":"https:\/\/innocentiemangonipiante.it\/de\/wp-json\/wp\/v2\/product\/29121","targetHints":{"allow":["GET"]}}],"collection":[{"href":"https:\/\/innocentiemangonipiante.it\/de\/wp-json\/wp\/v2\/product"}],"about":[{"href":"https:\/\/innocentiemangonipiante.it\/de\/wp-json\/wp\/v2\/types\/product"}],"wp:featuredmedia":[{"embeddable":true,"href":"https:\/\/innocentiemangonipiante.it\/de\/wp-json\/wp\/v2\/media\/22923"}],"wp:attachment":[{"href":"https:\/\/innocentiemangonipiante.it\/de\/wp-json\/wp\/v2\/media?parent=29121"}],"wp:term":[{"taxonomy":"product_brand","embeddable":true,"href":"https:\/\/innocentiemangonipiante.it\/de\/wp-json\/wp\/v2\/product_brand?post=29121"},{"taxonomy":"product_cat","embeddable":true,"href":"https:\/\/innocentiemangonipiante.it\/de\/wp-json\/wp\/v2\/product_cat?post=29121"},{"taxonomy":"product_tag","embeddable":true,"href":"https:\/\/innocentiemangonipiante.it\/de\/wp-json\/wp\/v2\/product_tag?post=29121"}],"curies":[{"name":"wp","href":"https:\/\/api.w.org\/{rel}","templated":true}]}}