{"id":29141,"date":"2023-11-04T01:39:41","date_gmt":"2023-11-04T00:39:41","guid":{"rendered":"http:\/\/innocentiemangonipiante.it\/liquidambar-styraciflua-gum-ball-2\/"},"modified":"2023-11-06T19:00:54","modified_gmt":"2023-11-06T18:00:54","slug":"liquidambar-styraciflua-gum-ball","status":"publish","type":"product","link":"https:\/\/innocentiemangonipiante.it\/de\/liquidambar-styraciflua-gum-ball\/","title":{"rendered":"LIQUIDAMBAR styraciflua &#8218;Gum Ball&#8216;"},"content":{"rendered":"<p>Zwerg-Kugelamberbaum. Normalerweise auf Hochstamm veredelt. Geeignet f\u00fcr kleine G\u00e4rten. Sch\u00f6ne Herbstf\u00e4rbung.<\/p>\n","protected":false},"excerpt":{"rendered":"<p>Zwerg-Kugelamberbaum. Normalerweise auf Hochstamm veredelt. Geeignet f\u00fcr kleine G\u00e4rten. Sch\u00f6ne Herbstf\u00e4rbung.<\/p>\n","protected":false},"featured_media":22958,"template":"","meta":{"_acf_changed":false},"product_brand":[],"product_cat":[8813],"product_tag":[10898,8736,8565,8401,8705,8717],"class_list":{"0":"post-29141","1":"product","2":"type-product","3":"status-publish","4":"has-post-thumbnail","6":"product_cat-laubbaume-und-straucher","7":"product_tag-naturlichen","8":"product_tag-fusstamm","9":"product_tag-halbstamm","10":"product_tag-hochstamm","11":"product_tag-kugel","12":"product_tag-pompons-de","13":"pa_altezza-massima-300-de","14":"pa_altezza-massima-500-de","15":"pa_arte-topiaria-verfuegbar-formgehoelze","16":"pa_colore-fioritura-weis","17":"pa_condizionamento-clt-de","18":"pa_condizionamento-m-de","19":"pa_famiglia-hamamelidaceae-de","20":"pa_genere-liquidambar-de","21":"pa_origine-u-s-a","22":"pa_periodo-fioritura-april-de","23":"pa_portamento-arrotondato-de","24":"pa_resistenza-climatica-sehr-hoch","25":"pa_resistenza-del-suolo-bestandig-gegen-kalkhaltige-boden","26":"pa_resistenza-del-suolo-bestandigkeit-auf-feuchten-boden","27":"pa_utilizzo-kleine-gaerten","29":"first","30":"instock","31":"purchasable","32":"product-type-simple"},"acf":[],"_links":{"self":[{"href":"https:\/\/innocentiemangonipiante.it\/de\/wp-json\/wp\/v2\/product\/29141","targetHints":{"allow":["GET"]}}],"collection":[{"href":"https:\/\/innocentiemangonipiante.it\/de\/wp-json\/wp\/v2\/product"}],"about":[{"href":"https:\/\/innocentiemangonipiante.it\/de\/wp-json\/wp\/v2\/types\/product"}],"wp:featuredmedia":[{"embeddable":true,"href":"https:\/\/innocentiemangonipiante.it\/de\/wp-json\/wp\/v2\/media\/22958"}],"wp:attachment":[{"href":"https:\/\/innocentiemangonipiante.it\/de\/wp-json\/wp\/v2\/media?parent=29141"}],"wp:term":[{"taxonomy":"product_brand","embeddable":true,"href":"https:\/\/innocentiemangonipiante.it\/de\/wp-json\/wp\/v2\/product_brand?post=29141"},{"taxonomy":"product_cat","embeddable":true,"href":"https:\/\/innocentiemangonipiante.it\/de\/wp-json\/wp\/v2\/product_cat?post=29141"},{"taxonomy":"product_tag","embeddable":true,"href":"https:\/\/innocentiemangonipiante.it\/de\/wp-json\/wp\/v2\/product_tag?post=29141"}],"curies":[{"name":"wp","href":"https:\/\/api.w.org\/{rel}","templated":true}]}}