{"id":29148,"date":"2023-11-04T01:40:35","date_gmt":"2023-11-04T00:40:35","guid":{"rendered":"http:\/\/innocentiemangonipiante.it\/liquidambar-styraciflua-slender-silhouette-2\/"},"modified":"2023-11-06T19:01:24","modified_gmt":"2023-11-06T18:01:24","slug":"liquidambar-styraciflua-slender-silhouette","status":"publish","type":"product","link":"https:\/\/innocentiemangonipiante.it\/de\/liquidambar-styraciflua-slender-silhouette\/","title":{"rendered":"LIQUIDAMBAR styraciflua &#8218;Slender Silhouette&#8216;"},"content":{"rendered":"<p>Sehr schmaler und aufrechter Wuchs. Ideal f\u00fcr kleine G\u00e4rten und schmale Strassen. Die dunkelgr\u00fcnen Bl\u00e4tter sind ganz tief gelappt und werden im Herbst Weinrot.<\/p>\n","protected":false},"excerpt":{"rendered":"<p>Sehr schmaler und aufrechter Wuchs. Ideal f\u00fcr kleine G\u00e4rten und schmale Strassen. Die dunkelgr\u00fcnen Bl\u00e4tter sind ganz tief gelappt und werden im Herbst Weinrot.<\/p>\n","protected":false},"featured_media":22972,"template":"","meta":{"_acf_changed":false},"product_brand":[],"product_cat":[8813],"product_tag":[10898],"class_list":{"0":"post-29148","1":"product","2":"type-product","3":"status-publish","4":"has-post-thumbnail","6":"product_cat-laubbaume-und-straucher","7":"product_tag-naturlichen","8":"pa_altezza-massima-15-meter","9":"pa_altezza-massima-20-meter","10":"pa_colore-fioritura-weis","11":"pa_famiglia-hamamelidaceae-de","12":"pa_genere-liquidambar-de","13":"pa_origine-u-s-a","14":"pa_periodo-fioritura-april-de","15":"pa_periodo-fioritura-maerz","16":"pa_portamento-conico-de","17":"pa_resistenza-climatica-sehr-hoch","18":"pa_resistenza-del-suolo-bestandig-gegen-kalkhaltige-boden","19":"pa_resistenza-del-suolo-bestandigkeit-auf-feuchten-boden","20":"pa_utilizzo-alleen","21":"pa_utilizzo-parks-de","23":"first","24":"instock","25":"purchasable","26":"product-type-simple"},"acf":[],"_links":{"self":[{"href":"https:\/\/innocentiemangonipiante.it\/de\/wp-json\/wp\/v2\/product\/29148","targetHints":{"allow":["GET"]}}],"collection":[{"href":"https:\/\/innocentiemangonipiante.it\/de\/wp-json\/wp\/v2\/product"}],"about":[{"href":"https:\/\/innocentiemangonipiante.it\/de\/wp-json\/wp\/v2\/types\/product"}],"wp:featuredmedia":[{"embeddable":true,"href":"https:\/\/innocentiemangonipiante.it\/de\/wp-json\/wp\/v2\/media\/22972"}],"wp:attachment":[{"href":"https:\/\/innocentiemangonipiante.it\/de\/wp-json\/wp\/v2\/media?parent=29148"}],"wp:term":[{"taxonomy":"product_brand","embeddable":true,"href":"https:\/\/innocentiemangonipiante.it\/de\/wp-json\/wp\/v2\/product_brand?post=29148"},{"taxonomy":"product_cat","embeddable":true,"href":"https:\/\/innocentiemangonipiante.it\/de\/wp-json\/wp\/v2\/product_cat?post=29148"},{"taxonomy":"product_tag","embeddable":true,"href":"https:\/\/innocentiemangonipiante.it\/de\/wp-json\/wp\/v2\/product_tag?post=29148"}],"curies":[{"name":"wp","href":"https:\/\/api.w.org\/{rel}","templated":true}]}}