{"id":29177,"date":"2023-11-04T01:44:30","date_gmt":"2023-11-04T00:44:30","guid":{"rendered":"http:\/\/innocentiemangonipiante.it\/magnolia-yulan-2\/"},"modified":"2023-11-06T19:04:20","modified_gmt":"2023-11-06T18:04:20","slug":"magnolia-yulan","status":"publish","type":"product","link":"https:\/\/innocentiemangonipiante.it\/de\/magnolia-yulan\/","title":{"rendered":"MAGNOLIA &#8218;Yulan&#8216;"},"content":{"rendered":"<p>Sommergr\u00fcner Baum oder Strauch mit eif\u00f6rmigen Bl\u00e4ttern. Vor dem Blattwachstum erbl\u00fchen schneewei\u00dfe becherf\u00f6rmige Bl\u00fcten.<\/p>\n","protected":false},"excerpt":{"rendered":"<p>Sommergr\u00fcner Baum oder Strauch mit eif\u00f6rmigen Bl\u00e4ttern. Vor dem Blattwachstum erbl\u00fchen schneewei\u00dfe becherf\u00f6rmige Bl\u00fcten.<\/p>\n","protected":false},"featured_media":3978,"template":"","meta":{"_acf_changed":false},"product_brand":[],"product_cat":[8816],"product_tag":[10898,8565,8401],"class_list":{"0":"post-29177","1":"product","2":"type-product","3":"status-publish","4":"has-post-thumbnail","6":"product_cat-hartnaeckige-baeume-und-straeucher","7":"product_tag-naturlichen","8":"product_tag-halbstamm","9":"product_tag-hochstamm","10":"pa_altezza-massima-800-de","11":"pa_altezza-massima-1000-de-2","12":"pa_colore-fioritura-weis","13":"pa_condizionamento-clt-de","14":"pa_condizionamento-m-de","15":"pa_famiglia-magnoliaceae-de","16":"pa_genere-magnolia-de","17":"pa_origine-ostasien","18":"pa_periodo-fioritura-april-de","19":"pa_periodo-fioritura-maerz","20":"pa_portamento-arrotondato-de","21":"pa_profumo-zart","22":"pa_resistenza-climatica-mittel-hoch","23":"pa_resistenza-del-suolo-bestandigkeit-auf-feuchten-boden","24":"pa_utilizzo-kleine-gaerten","25":"pa_utilizzo-parks-de","27":"first","28":"instock","29":"purchasable","30":"product-type-simple"},"acf":[],"_links":{"self":[{"href":"https:\/\/innocentiemangonipiante.it\/de\/wp-json\/wp\/v2\/product\/29177","targetHints":{"allow":["GET"]}}],"collection":[{"href":"https:\/\/innocentiemangonipiante.it\/de\/wp-json\/wp\/v2\/product"}],"about":[{"href":"https:\/\/innocentiemangonipiante.it\/de\/wp-json\/wp\/v2\/types\/product"}],"wp:featuredmedia":[{"embeddable":true,"href":"https:\/\/innocentiemangonipiante.it\/de\/wp-json\/wp\/v2\/media\/3978"}],"wp:attachment":[{"href":"https:\/\/innocentiemangonipiante.it\/de\/wp-json\/wp\/v2\/media?parent=29177"}],"wp:term":[{"taxonomy":"product_brand","embeddable":true,"href":"https:\/\/innocentiemangonipiante.it\/de\/wp-json\/wp\/v2\/product_brand?post=29177"},{"taxonomy":"product_cat","embeddable":true,"href":"https:\/\/innocentiemangonipiante.it\/de\/wp-json\/wp\/v2\/product_cat?post=29177"},{"taxonomy":"product_tag","embeddable":true,"href":"https:\/\/innocentiemangonipiante.it\/de\/wp-json\/wp\/v2\/product_tag?post=29177"}],"curies":[{"name":"wp","href":"https:\/\/api.w.org\/{rel}","templated":true}]}}