{"id":29185,"date":"2023-11-04T01:46:07","date_gmt":"2023-11-04T00:46:07","guid":{"rendered":"http:\/\/innocentiemangonipiante.it\/magnolia-kobus-2\/"},"modified":"2023-11-06T19:05:49","modified_gmt":"2023-11-06T18:05:49","slug":"magnolia-kobus-2","status":"publish","type":"product","link":"https:\/\/innocentiemangonipiante.it\/de\/magnolia-kobus-2\/","title":{"rendered":"MAGNOLIA kobus"},"content":{"rendered":"<p>Sommergr\u00fcner kegelf\u00f6rmiger Baum mit eif\u00f6rmigen, gekr\u00e4uselten gr\u00fcnen Bl\u00e4ttern. Mitte Fr\u00fchjahr sprie\u00dfen wei\u00dfe kelchf\u00f6rmige Bl\u00fcten, manchmal mit rosa T\u00f6nungen am Fu\u00df.<\/p>\n","protected":false},"excerpt":{"rendered":"<p>Sommergr\u00fcner kegelf\u00f6rmiger Baum mit eif\u00f6rmigen, gekr\u00e4uselten gr\u00fcnen Bl\u00e4ttern. Mitte Fr\u00fchjahr sprie\u00dfen wei\u00dfe kelchf\u00f6rmige Bl\u00fcten, manchmal mit rosa T\u00f6nungen am Fu\u00df.<\/p>\n","protected":false},"featured_media":23048,"template":"","meta":{"_acf_changed":false},"product_brand":[],"product_cat":[8816,9231],"product_tag":[10898,8401,8597],"class_list":{"0":"post-29185","1":"product","2":"type-product","3":"status-publish","4":"has-post-thumbnail","6":"product_cat-hartnaeckige-baeume-und-straeucher","7":"product_cat-baume-und-pflanzen-der-zukunft","8":"product_tag-naturlichen","9":"product_tag-hochstamm","10":"product_tag-multistamm","11":"pa_altezza-massima-800-de","12":"pa_altezza-massima-12-meter","13":"pa_colore-fioritura-weis","14":"pa_condizionamento-clt-de","15":"pa_condizionamento-jungplanzen","16":"pa_condizionamento-m-de","17":"pa_famiglia-magnoliaceae-de","18":"pa_genere-magnolia-de","19":"pa_origine-ostasien","20":"pa_periodo-fioritura-april-de","21":"pa_periodo-fioritura-maerz","22":"pa_portamento-arrotondato-de","23":"pa_profumo-zart","24":"pa_resistenza-climatica-sehr-hoch","25":"pa_resistenza-del-suolo-bestandigkeit-auf-feuchten-boden","26":"pa_utilizzo-alleen","27":"pa_utilizzo-parks-de","29":"first","30":"instock","31":"purchasable","32":"product-type-simple"},"acf":[],"_links":{"self":[{"href":"https:\/\/innocentiemangonipiante.it\/de\/wp-json\/wp\/v2\/product\/29185","targetHints":{"allow":["GET"]}}],"collection":[{"href":"https:\/\/innocentiemangonipiante.it\/de\/wp-json\/wp\/v2\/product"}],"about":[{"href":"https:\/\/innocentiemangonipiante.it\/de\/wp-json\/wp\/v2\/types\/product"}],"wp:featuredmedia":[{"embeddable":true,"href":"https:\/\/innocentiemangonipiante.it\/de\/wp-json\/wp\/v2\/media\/23048"}],"wp:attachment":[{"href":"https:\/\/innocentiemangonipiante.it\/de\/wp-json\/wp\/v2\/media?parent=29185"}],"wp:term":[{"taxonomy":"product_brand","embeddable":true,"href":"https:\/\/innocentiemangonipiante.it\/de\/wp-json\/wp\/v2\/product_brand?post=29185"},{"taxonomy":"product_cat","embeddable":true,"href":"https:\/\/innocentiemangonipiante.it\/de\/wp-json\/wp\/v2\/product_cat?post=29185"},{"taxonomy":"product_tag","embeddable":true,"href":"https:\/\/innocentiemangonipiante.it\/de\/wp-json\/wp\/v2\/product_tag?post=29185"}],"curies":[{"name":"wp","href":"https:\/\/api.w.org\/{rel}","templated":true}]}}