{"id":29186,"date":"2023-11-04T01:46:13","date_gmt":"2023-11-04T00:46:13","guid":{"rendered":"http:\/\/innocentiemangonipiante.it\/magnolia-liliflora-nigra\/"},"modified":"2023-11-06T19:05:52","modified_gmt":"2023-11-06T18:05:52","slug":"magnolia-liliflora-nigra","status":"publish","type":"product","link":"https:\/\/innocentiemangonipiante.it\/de\/magnolia-liliflora-nigra\/","title":{"rendered":"MAGNOLIA liliflora &#8218;Nigra&#8216;"},"content":{"rendered":"<p>Sommergr\u00fcner Strauch mit elliptischen bis eif\u00f6rmigen dunkelgr\u00fcnen Bl\u00e4ttern.Von Mitte Fr\u00fchjahr bis Mitte Sommer kelchf\u00f6rmige purpurrote Bl\u00fcten.<\/p>\n","protected":false},"excerpt":{"rendered":"<p>Sommergr\u00fcner Strauch mit elliptischen bis eif\u00f6rmigen dunkelgr\u00fcnen Bl\u00e4ttern.Von Mitte Fr\u00fchjahr bis Mitte Sommer kelchf\u00f6rmige purpurrote Bl\u00fcten.<\/p>\n","protected":false},"featured_media":3913,"template":"","meta":{"_acf_changed":false},"product_brand":[],"product_cat":[8816],"product_tag":[10898,8401],"class_list":{"0":"post-29186","1":"product","2":"type-product","3":"status-publish","4":"has-post-thumbnail","6":"product_cat-hartnaeckige-baeume-und-straeucher","7":"product_tag-naturlichen","8":"product_tag-hochstamm","9":"pa_altezza-massima-300-de","10":"pa_altezza-massima-500-de","11":"pa_colore-fioritura-rot","12":"pa_condizionamento-clt-de","13":"pa_condizionamento-jungplanzen","14":"pa_condizionamento-m-de","15":"pa_famiglia-magnoliaceae-de","16":"pa_genere-magnolia-de","17":"pa_origine-ostasien","18":"pa_periodo-fioritura-april-de","19":"pa_periodo-fioritura-juli","20":"pa_periodo-fioritura-juni","21":"pa_periodo-fioritura-mai-de","22":"pa_portamento-eretto-de","23":"pa_profumo-zart","24":"pa_resistenza-climatica-sehr-hoch","25":"pa_utilizzo-kleine-gaerten","26":"pa_utilizzo-parks-de","28":"first","29":"instock","30":"purchasable","31":"product-type-simple"},"acf":[],"_links":{"self":[{"href":"https:\/\/innocentiemangonipiante.it\/de\/wp-json\/wp\/v2\/product\/29186","targetHints":{"allow":["GET"]}}],"collection":[{"href":"https:\/\/innocentiemangonipiante.it\/de\/wp-json\/wp\/v2\/product"}],"about":[{"href":"https:\/\/innocentiemangonipiante.it\/de\/wp-json\/wp\/v2\/types\/product"}],"wp:featuredmedia":[{"embeddable":true,"href":"https:\/\/innocentiemangonipiante.it\/de\/wp-json\/wp\/v2\/media\/3913"}],"wp:attachment":[{"href":"https:\/\/innocentiemangonipiante.it\/de\/wp-json\/wp\/v2\/media?parent=29186"}],"wp:term":[{"taxonomy":"product_brand","embeddable":true,"href":"https:\/\/innocentiemangonipiante.it\/de\/wp-json\/wp\/v2\/product_brand?post=29186"},{"taxonomy":"product_cat","embeddable":true,"href":"https:\/\/innocentiemangonipiante.it\/de\/wp-json\/wp\/v2\/product_cat?post=29186"},{"taxonomy":"product_tag","embeddable":true,"href":"https:\/\/innocentiemangonipiante.it\/de\/wp-json\/wp\/v2\/product_tag?post=29186"}],"curies":[{"name":"wp","href":"https:\/\/api.w.org\/{rel}","templated":true}]}}