{"id":29196,"date":"2023-11-04T01:47:16","date_gmt":"2023-11-04T00:47:16","guid":{"rendered":"http:\/\/innocentiemangonipiante.it\/magnolia-x-galaxy-2\/"},"modified":"2023-11-06T19:06:27","modified_gmt":"2023-11-06T18:06:27","slug":"magnolia-x-galaxy-2","status":"publish","type":"product","link":"https:\/\/innocentiemangonipiante.it\/de\/magnolia-x-galaxy-2\/","title":{"rendered":"MAGNOLIA x &#8218;Galaxy&#8216;"},"content":{"rendered":"<p>Laubwerfender Baum von geradem Wuchs, schnelles Wachstum, mittelgr\u00fcne Bl\u00e4tter etwa 20 cm lang. Erste Fr\u00fchlingsh\u00e4lfte, vor Blattwuchs intensiv rosa Bl\u00fcten.<\/p>\n","protected":false},"excerpt":{"rendered":"<p>Laubwerfender Baum von geradem Wuchs, schnelles Wachstum, mittelgr\u00fcne Bl\u00e4tter etwa 20 cm lang. Erste Fr\u00fchlingsh\u00e4lfte, vor Blattwuchs intensiv rosa Bl\u00fcten.<\/p>\n","protected":false},"featured_media":23079,"template":"","meta":{"_acf_changed":false},"product_brand":[],"product_cat":[8816],"product_tag":[10898],"class_list":{"0":"post-29196","1":"product","2":"type-product","3":"status-publish","4":"has-post-thumbnail","6":"product_cat-hartnaeckige-baeume-und-straeucher","7":"product_tag-naturlichen","8":"pa_altezza-massima-800-de","9":"pa_altezza-massima-12-meter","10":"pa_colore-fioritura-rose-de","11":"pa_famiglia-magnoliaceae-de","12":"pa_genere-magnolia-de","13":"pa_origine-u-s-a","14":"pa_periodo-fioritura-april-de","15":"pa_periodo-fioritura-maerz","16":"pa_portamento-eretto-de","17":"pa_profumo-zart","18":"pa_resistenza-climatica-sehr-hoch","19":"pa_resistenza-del-suolo-bestandigkeit-auf-feuchten-boden","20":"pa_utilizzo-kleine-gaerten","21":"pa_utilizzo-parks-de","23":"first","24":"instock","25":"purchasable","26":"product-type-simple"},"acf":[],"_links":{"self":[{"href":"https:\/\/innocentiemangonipiante.it\/de\/wp-json\/wp\/v2\/product\/29196","targetHints":{"allow":["GET"]}}],"collection":[{"href":"https:\/\/innocentiemangonipiante.it\/de\/wp-json\/wp\/v2\/product"}],"about":[{"href":"https:\/\/innocentiemangonipiante.it\/de\/wp-json\/wp\/v2\/types\/product"}],"wp:featuredmedia":[{"embeddable":true,"href":"https:\/\/innocentiemangonipiante.it\/de\/wp-json\/wp\/v2\/media\/23079"}],"wp:attachment":[{"href":"https:\/\/innocentiemangonipiante.it\/de\/wp-json\/wp\/v2\/media?parent=29196"}],"wp:term":[{"taxonomy":"product_brand","embeddable":true,"href":"https:\/\/innocentiemangonipiante.it\/de\/wp-json\/wp\/v2\/product_brand?post=29196"},{"taxonomy":"product_cat","embeddable":true,"href":"https:\/\/innocentiemangonipiante.it\/de\/wp-json\/wp\/v2\/product_cat?post=29196"},{"taxonomy":"product_tag","embeddable":true,"href":"https:\/\/innocentiemangonipiante.it\/de\/wp-json\/wp\/v2\/product_tag?post=29196"}],"curies":[{"name":"wp","href":"https:\/\/api.w.org\/{rel}","templated":true}]}}