{"id":29215,"date":"2023-11-04T01:49:03","date_gmt":"2023-11-04T00:49:03","guid":{"rendered":"http:\/\/innocentiemangonipiante.it\/magnolia-x-soulangeana-lennei-2\/"},"modified":"2023-11-06T19:07:51","modified_gmt":"2023-11-06T18:07:51","slug":"magnolia-x-soulangeana-lennei-2","status":"publish","type":"product","link":"https:\/\/innocentiemangonipiante.it\/de\/magnolia-x-soulangeana-lennei-2\/","title":{"rendered":"MAGNOLIA x soulangeana &#8218;Lennei&#8216;"},"content":{"rendered":"<p>Tr\u00e4gt rosa-purpurrotfarbene, innerlich wei\u00dfe Bl\u00fcten.<\/p>\n","protected":false},"excerpt":{"rendered":"<p>Tr\u00e4gt rosa-purpurrotfarbene, innerlich wei\u00dfe Bl\u00fcten.<\/p>\n","protected":false},"featured_media":23129,"template":"","meta":{"_acf_changed":false},"product_brand":[],"product_cat":[8816],"product_tag":[10898],"class_list":{"0":"post-29215","1":"product","2":"type-product","3":"status-publish","4":"has-post-thumbnail","6":"product_cat-hartnaeckige-baeume-und-straeucher","7":"product_tag-naturlichen","8":"pa_altezza-massima-400-de","9":"pa_altezza-massima-600-de","10":"pa_colore-fioritura-rose-de","11":"pa_famiglia-magnoliaceae-de","12":"pa_genere-magnolia-de","13":"pa_origine-serbien","14":"pa_periodo-fioritura-april-de","15":"pa_periodo-fioritura-maerz","16":"pa_portamento-eretto-de","17":"pa_profumo-zart","18":"pa_resistenza-climatica-mittel-hoch","19":"pa_resistenza-del-suolo-bestandigkeit-auf-feuchten-boden","20":"pa_utilizzo-kleine-gaerten","21":"pa_utilizzo-parks-de","23":"first","24":"instock","25":"purchasable","26":"product-type-simple"},"acf":[],"_links":{"self":[{"href":"https:\/\/innocentiemangonipiante.it\/de\/wp-json\/wp\/v2\/product\/29215","targetHints":{"allow":["GET"]}}],"collection":[{"href":"https:\/\/innocentiemangonipiante.it\/de\/wp-json\/wp\/v2\/product"}],"about":[{"href":"https:\/\/innocentiemangonipiante.it\/de\/wp-json\/wp\/v2\/types\/product"}],"wp:featuredmedia":[{"embeddable":true,"href":"https:\/\/innocentiemangonipiante.it\/de\/wp-json\/wp\/v2\/media\/23129"}],"wp:attachment":[{"href":"https:\/\/innocentiemangonipiante.it\/de\/wp-json\/wp\/v2\/media?parent=29215"}],"wp:term":[{"taxonomy":"product_brand","embeddable":true,"href":"https:\/\/innocentiemangonipiante.it\/de\/wp-json\/wp\/v2\/product_brand?post=29215"},{"taxonomy":"product_cat","embeddable":true,"href":"https:\/\/innocentiemangonipiante.it\/de\/wp-json\/wp\/v2\/product_cat?post=29215"},{"taxonomy":"product_tag","embeddable":true,"href":"https:\/\/innocentiemangonipiante.it\/de\/wp-json\/wp\/v2\/product_tag?post=29215"}],"curies":[{"name":"wp","href":"https:\/\/api.w.org\/{rel}","templated":true}]}}