{"id":29227,"date":"2023-11-04T01:50:23","date_gmt":"2023-11-04T00:50:23","guid":{"rendered":"http:\/\/innocentiemangonipiante.it\/malus-john-downie-2\/"},"modified":"2023-11-06T19:08:53","modified_gmt":"2023-11-06T18:08:53","slug":"malus-john-downie","status":"publish","type":"product","link":"https:\/\/innocentiemangonipiante.it\/de\/malus-john-downie\/","title":{"rendered":"MALUS &#8218;John Downie&#8216;"},"content":{"rendered":"<p>Sommergr\u00fcner kegelf\u00f6rmiger Baum mit gr\u00fcnen eif\u00f6rmigen Bl\u00e4ttern. Die wei\u00dfen Bl\u00fcten im Fr\u00fchjahr bringen kleine orange-rote Fr\u00fcchte hervor.<\/p>\n","protected":false},"excerpt":{"rendered":"<p>Sommergr\u00fcner kegelf\u00f6rmiger Baum mit gr\u00fcnen eif\u00f6rmigen Bl\u00e4ttern. Die wei\u00dfen Bl\u00fcten im Fr\u00fchjahr bringen kleine orange-rote Fr\u00fcchte hervor.<\/p>\n","protected":false},"featured_media":23151,"template":"","meta":{"_acf_changed":false},"product_brand":[],"product_cat":[8813],"product_tag":[10898,8401],"class_list":{"0":"post-29227","1":"product","2":"type-product","3":"status-publish","4":"has-post-thumbnail","6":"product_cat-laubbaume-und-straucher","7":"product_tag-naturlichen","8":"product_tag-hochstamm","9":"pa_altezza-massima-800-de","10":"pa_altezza-massima-1000-de-2","11":"pa_colore-fioritura-weis","12":"pa_condizionamento-clt-de","13":"pa_condizionamento-m-de","14":"pa_famiglia-rosaceae-de","15":"pa_genere-malus-de","16":"pa_origine-england-de","17":"pa_periodo-fioritura-april-de","18":"pa_periodo-fioritura-mai-de","19":"pa_periodo-fruttificazione-oktober","20":"pa_periodo-fruttificazione-september-de","21":"pa_portamento-piramidale-de","22":"pa_resistenza-climatica-sehr-hoch","23":"pa_resistenza-del-suolo-bestandig-gegen-kalkhaltige-boden","24":"pa_resistenza-del-suolo-bestandigkeit-auf-feuchten-boden","25":"pa_utilizzo-kleine-gaerten","26":"pa_utilizzo-parks-de","28":"first","29":"instock","30":"purchasable","31":"product-type-simple"},"acf":[],"_links":{"self":[{"href":"https:\/\/innocentiemangonipiante.it\/de\/wp-json\/wp\/v2\/product\/29227","targetHints":{"allow":["GET"]}}],"collection":[{"href":"https:\/\/innocentiemangonipiante.it\/de\/wp-json\/wp\/v2\/product"}],"about":[{"href":"https:\/\/innocentiemangonipiante.it\/de\/wp-json\/wp\/v2\/types\/product"}],"wp:featuredmedia":[{"embeddable":true,"href":"https:\/\/innocentiemangonipiante.it\/de\/wp-json\/wp\/v2\/media\/23151"}],"wp:attachment":[{"href":"https:\/\/innocentiemangonipiante.it\/de\/wp-json\/wp\/v2\/media?parent=29227"}],"wp:term":[{"taxonomy":"product_brand","embeddable":true,"href":"https:\/\/innocentiemangonipiante.it\/de\/wp-json\/wp\/v2\/product_brand?post=29227"},{"taxonomy":"product_cat","embeddable":true,"href":"https:\/\/innocentiemangonipiante.it\/de\/wp-json\/wp\/v2\/product_cat?post=29227"},{"taxonomy":"product_tag","embeddable":true,"href":"https:\/\/innocentiemangonipiante.it\/de\/wp-json\/wp\/v2\/product_tag?post=29227"}],"curies":[{"name":"wp","href":"https:\/\/api.w.org\/{rel}","templated":true}]}}