{"id":29248,"date":"2023-11-04T01:52:22","date_gmt":"2023-11-04T00:52:22","guid":{"rendered":"http:\/\/innocentiemangonipiante.it\/malus-communis-fuji\/"},"modified":"2023-11-06T19:09:46","modified_gmt":"2023-11-06T18:09:46","slug":"malus-communis-fuji","status":"publish","type":"product","link":"https:\/\/innocentiemangonipiante.it\/de\/malus-communis-fuji\/","title":{"rendered":"MALUS COMMUNIS &#8218;Fuji&#8216;"},"content":{"rendered":"<p>Gro\u00dfe Fr\u00fcchte mit hellrote Schale. S\u00fc\u00dfe, saftige und knusprige Fruchtfleisch. Lange Konservierung.<\/p>\n","protected":false},"excerpt":{"rendered":"<p>Gro\u00dfe Fr\u00fcchte mit hellrote Schale. S\u00fc\u00dfe, saftige und knusprige Fruchtfleisch. Lange Konservierung.<\/p>\n","protected":false},"featured_media":0,"template":"","meta":{"_acf_changed":false},"product_brand":[],"product_cat":[8809],"product_tag":[10898,8736,8565,8401,8751],"class_list":{"0":"post-29248","1":"product","2":"type-product","3":"status-publish","5":"product_cat-obst-baeume","6":"product_tag-naturlichen","7":"product_tag-fusstamm","8":"product_tag-halbstamm","9":"product_tag-hochstamm","10":"product_tag-spalier","11":"pa_altezza-massima-500-de","12":"pa_altezza-massima-1000-de-2","13":"pa_colore-fioritura-weis","14":"pa_condizionamento-clt-de","15":"pa_famiglia-rosaceae-de","16":"pa_genere-malus-communis-de","17":"pa_origine-nahen-osten","18":"pa_periodo-fioritura-april-de","19":"pa_periodo-fruttificazione-oktober","20":"pa_portamento-arrotondato-de","21":"pa_resistenza-climatica-sehr-hoch","22":"pa_resistenza-del-suolo-bestandig-gegen-kalkhaltige-boden","23":"pa_utilizzo-kleine-gaerten","25":"first","26":"instock","27":"purchasable","28":"product-type-simple"},"acf":[],"_links":{"self":[{"href":"https:\/\/innocentiemangonipiante.it\/de\/wp-json\/wp\/v2\/product\/29248","targetHints":{"allow":["GET"]}}],"collection":[{"href":"https:\/\/innocentiemangonipiante.it\/de\/wp-json\/wp\/v2\/product"}],"about":[{"href":"https:\/\/innocentiemangonipiante.it\/de\/wp-json\/wp\/v2\/types\/product"}],"wp:attachment":[{"href":"https:\/\/innocentiemangonipiante.it\/de\/wp-json\/wp\/v2\/media?parent=29248"}],"wp:term":[{"taxonomy":"product_brand","embeddable":true,"href":"https:\/\/innocentiemangonipiante.it\/de\/wp-json\/wp\/v2\/product_brand?post=29248"},{"taxonomy":"product_cat","embeddable":true,"href":"https:\/\/innocentiemangonipiante.it\/de\/wp-json\/wp\/v2\/product_cat?post=29248"},{"taxonomy":"product_tag","embeddable":true,"href":"https:\/\/innocentiemangonipiante.it\/de\/wp-json\/wp\/v2\/product_tag?post=29248"}],"curies":[{"name":"wp","href":"https:\/\/api.w.org\/{rel}","templated":true}]}}