{"id":29252,"date":"2023-11-04T01:52:35","date_gmt":"2023-11-04T00:52:35","guid":{"rendered":"http:\/\/innocentiemangonipiante.it\/malus-communis-golden-delicious\/"},"modified":"2023-11-06T19:09:53","modified_gmt":"2023-11-06T18:09:53","slug":"malus-communis-golden-delicious","status":"publish","type":"product","link":"https:\/\/innocentiemangonipiante.it\/de\/malus-communis-golden-delicious\/","title":{"rendered":"MALUS COMMUNIS &#8218;Golden Delicious&#8216;"},"content":{"rendered":"<p>Gelbe Fr\u00fcchte mittelgro\u00df bis gro\u00df. Sehr s\u00fc\u00dfen Geschmack. (Doppel-U Spalier verf\u00fcgbar)<\/p>\n","protected":false},"excerpt":{"rendered":"<p>Gelbe Fr\u00fcchte mittelgro\u00df bis gro\u00df. Sehr s\u00fc\u00dfen Geschmack. (Doppel-U Spalier verf\u00fcgbar)<\/p>\n","protected":false},"featured_media":23193,"template":"","meta":{"_acf_changed":false},"product_brand":[],"product_cat":[8809],"product_tag":[10898,8736,8565,8751],"class_list":{"0":"post-29252","1":"product","2":"type-product","3":"status-publish","4":"has-post-thumbnail","6":"product_cat-obst-baeume","7":"product_tag-naturlichen","8":"product_tag-fusstamm","9":"product_tag-halbstamm","10":"product_tag-spalier","11":"pa_altezza-massima-500-de","12":"pa_altezza-massima-1000-de-2","13":"pa_arte-topiaria-verfuegbar-formgehoelze","14":"pa_colore-fioritura-weis","15":"pa_condizionamento-clt-de","16":"pa_condizionamento-viereckigertops","17":"pa_famiglia-rosaceae-de","18":"pa_genere-malus-communis-de","19":"pa_origine-u-s-a","20":"pa_periodo-fioritura-april-de","21":"pa_periodo-fruttificazione-september-de","22":"pa_portamento-arrotondato-de","23":"pa_resistenza-climatica-sehr-hoch","24":"pa_resistenza-del-suolo-bestandig-gegen-kalkhaltige-boden","25":"pa_utilizzo-kleine-gaerten","27":"first","28":"instock","29":"purchasable","30":"product-type-simple"},"acf":[],"_links":{"self":[{"href":"https:\/\/innocentiemangonipiante.it\/de\/wp-json\/wp\/v2\/product\/29252","targetHints":{"allow":["GET"]}}],"collection":[{"href":"https:\/\/innocentiemangonipiante.it\/de\/wp-json\/wp\/v2\/product"}],"about":[{"href":"https:\/\/innocentiemangonipiante.it\/de\/wp-json\/wp\/v2\/types\/product"}],"wp:featuredmedia":[{"embeddable":true,"href":"https:\/\/innocentiemangonipiante.it\/de\/wp-json\/wp\/v2\/media\/23193"}],"wp:attachment":[{"href":"https:\/\/innocentiemangonipiante.it\/de\/wp-json\/wp\/v2\/media?parent=29252"}],"wp:term":[{"taxonomy":"product_brand","embeddable":true,"href":"https:\/\/innocentiemangonipiante.it\/de\/wp-json\/wp\/v2\/product_brand?post=29252"},{"taxonomy":"product_cat","embeddable":true,"href":"https:\/\/innocentiemangonipiante.it\/de\/wp-json\/wp\/v2\/product_cat?post=29252"},{"taxonomy":"product_tag","embeddable":true,"href":"https:\/\/innocentiemangonipiante.it\/de\/wp-json\/wp\/v2\/product_tag?post=29252"}],"curies":[{"name":"wp","href":"https:\/\/api.w.org\/{rel}","templated":true}]}}