{"id":29267,"date":"2023-11-04T01:53:28","date_gmt":"2023-11-04T00:53:28","guid":{"rendered":"http:\/\/innocentiemangonipiante.it\/malus-communis-pomzai\/"},"modified":"2023-11-06T19:10:42","modified_gmt":"2023-11-06T18:10:42","slug":"malus-communis-pomzai","status":"publish","type":"product","link":"https:\/\/innocentiemangonipiante.it\/de\/malus-communis-pomzai\/","title":{"rendered":"MALUS COMMUNIS &#8218;Pom&#8217;zai&#8216; \u00ae"},"content":{"rendered":"<p>Dies ist dieZwerg Version des Malus Everest, die die wichtigsten Merkmale beibeh\u00e4lt. Kompakt, abgerundete Form. Von rosa Knospen bl\u00fchen eine F\u00fclle von wei\u00dfen Bl\u00fcten, gefolgt von reichlich orange Fr\u00fcchte, die lange an der Pflanze bleiben.<\/p>\n","protected":false},"excerpt":{"rendered":"<p>Dies ist dieZwerg Version des Malus Everest, die die wichtigsten Merkmale beibeh\u00e4lt. Kompakt, abgerundete Form. Von rosa Knospen bl\u00fchen eine F\u00fclle von wei\u00dfen Bl\u00fcten, gefolgt von reichlich orange Fr\u00fcchte, die lange an der Pflanze bleiben.<\/p>\n","protected":false},"featured_media":23221,"template":"","meta":{"_acf_changed":false},"product_brand":[],"product_cat":[8809],"product_tag":[10898,8736],"class_list":{"0":"post-29267","1":"product","2":"type-product","3":"status-publish","4":"has-post-thumbnail","6":"product_cat-obst-baeume","7":"product_tag-naturlichen","8":"product_tag-fusstamm","9":"pa_altezza-massima-150-de","10":"pa_altezza-massima-200-de","11":"pa_arte-topiaria-verfuegbar-formgehoelze","12":"pa_colore-fioritura-weis","13":"pa_condizionamento-viereckigertops","14":"pa_famiglia-rosaceae-de","15":"pa_genere-malus-communis-de","16":"pa_origine-frankreich","17":"pa_periodo-fioritura-april-de","18":"pa_periodo-fruttificazione-oktober","19":"pa_portamento-arrotondato-de","20":"pa_resistenza-climatica-sehr-hoch","21":"pa_resistenza-del-suolo-bestandig-gegen-kalkhaltige-boden","22":"pa_resistenza-del-suolo-bestandigkeit-auf-feuchten-boden","23":"pa_utilizzo-kleine-gaerten","25":"first","26":"instock","27":"purchasable","28":"product-type-simple"},"acf":[],"_links":{"self":[{"href":"https:\/\/innocentiemangonipiante.it\/de\/wp-json\/wp\/v2\/product\/29267","targetHints":{"allow":["GET"]}}],"collection":[{"href":"https:\/\/innocentiemangonipiante.it\/de\/wp-json\/wp\/v2\/product"}],"about":[{"href":"https:\/\/innocentiemangonipiante.it\/de\/wp-json\/wp\/v2\/types\/product"}],"wp:featuredmedia":[{"embeddable":true,"href":"https:\/\/innocentiemangonipiante.it\/de\/wp-json\/wp\/v2\/media\/23221"}],"wp:attachment":[{"href":"https:\/\/innocentiemangonipiante.it\/de\/wp-json\/wp\/v2\/media?parent=29267"}],"wp:term":[{"taxonomy":"product_brand","embeddable":true,"href":"https:\/\/innocentiemangonipiante.it\/de\/wp-json\/wp\/v2\/product_brand?post=29267"},{"taxonomy":"product_cat","embeddable":true,"href":"https:\/\/innocentiemangonipiante.it\/de\/wp-json\/wp\/v2\/product_cat?post=29267"},{"taxonomy":"product_tag","embeddable":true,"href":"https:\/\/innocentiemangonipiante.it\/de\/wp-json\/wp\/v2\/product_tag?post=29267"}],"curies":[{"name":"wp","href":"https:\/\/api.w.org\/{rel}","templated":true}]}}