{"id":29268,"date":"2023-11-04T01:53:34","date_gmt":"2023-11-04T00:53:34","guid":{"rendered":"http:\/\/innocentiemangonipiante.it\/malus-communis-reine-de-reinettes\/"},"modified":"2023-11-06T19:10:45","modified_gmt":"2023-11-06T18:10:45","slug":"malus-communis-reine-de-reinettes","status":"publish","type":"product","link":"https:\/\/innocentiemangonipiante.it\/de\/malus-communis-reine-de-reinettes\/","title":{"rendered":"MALUS COMMUNIS &#8218;Reine de Reinettes&#8216;"},"content":{"rendered":"<p>Mittelgro\u00dfe bis gro\u00dfe Fr\u00fcchte, stark duftend, gelb mit orangefarbenen Reflexen. Reifung Mitte September. (Doppel-U Spalier verf\u00fcgbar)<\/p>\n","protected":false},"excerpt":{"rendered":"<p>Mittelgro\u00dfe bis gro\u00dfe Fr\u00fcchte, stark duftend, gelb mit orangefarbenen Reflexen. Reifung Mitte September. (Doppel-U Spalier verf\u00fcgbar)<\/p>\n","protected":false},"featured_media":23227,"template":"","meta":{"_acf_changed":false},"product_brand":[],"product_cat":[8809],"product_tag":[10898],"class_list":{"0":"post-29268","1":"product","2":"type-product","3":"status-publish","4":"has-post-thumbnail","6":"product_cat-obst-baeume","7":"product_tag-naturlichen","8":"pa_altezza-massima-500-de","9":"pa_altezza-massima-1000-de-2","10":"pa_colore-fioritura-weis","11":"pa_famiglia-rosaceae-de","12":"pa_genere-malus-communis-de","13":"pa_origine-nahen-osten","14":"pa_periodo-fioritura-april-de","15":"pa_periodo-fruttificazione-september-de","16":"pa_portamento-arrotondato-de","17":"pa_resistenza-climatica-sehr-hoch","18":"pa_resistenza-del-suolo-bestandig-gegen-kalkhaltige-boden","19":"pa_utilizzo-kleine-gaerten","21":"first","22":"instock","23":"purchasable","24":"product-type-simple"},"acf":[],"_links":{"self":[{"href":"https:\/\/innocentiemangonipiante.it\/de\/wp-json\/wp\/v2\/product\/29268","targetHints":{"allow":["GET"]}}],"collection":[{"href":"https:\/\/innocentiemangonipiante.it\/de\/wp-json\/wp\/v2\/product"}],"about":[{"href":"https:\/\/innocentiemangonipiante.it\/de\/wp-json\/wp\/v2\/types\/product"}],"wp:featuredmedia":[{"embeddable":true,"href":"https:\/\/innocentiemangonipiante.it\/de\/wp-json\/wp\/v2\/media\/23227"}],"wp:attachment":[{"href":"https:\/\/innocentiemangonipiante.it\/de\/wp-json\/wp\/v2\/media?parent=29268"}],"wp:term":[{"taxonomy":"product_brand","embeddable":true,"href":"https:\/\/innocentiemangonipiante.it\/de\/wp-json\/wp\/v2\/product_brand?post=29268"},{"taxonomy":"product_cat","embeddable":true,"href":"https:\/\/innocentiemangonipiante.it\/de\/wp-json\/wp\/v2\/product_cat?post=29268"},{"taxonomy":"product_tag","embeddable":true,"href":"https:\/\/innocentiemangonipiante.it\/de\/wp-json\/wp\/v2\/product_tag?post=29268"}],"curies":[{"name":"wp","href":"https:\/\/api.w.org\/{rel}","templated":true}]}}