{"id":29270,"date":"2023-11-04T01:53:40","date_gmt":"2023-11-04T00:53:40","guid":{"rendered":"http:\/\/innocentiemangonipiante.it\/malus-communis-reinette-du-canada\/"},"modified":"2023-11-06T19:10:48","modified_gmt":"2023-11-06T18:10:48","slug":"malus-communis-reinette-du-canada","status":"publish","type":"product","link":"https:\/\/innocentiemangonipiante.it\/de\/malus-communis-reinette-du-canada\/","title":{"rendered":"MALUS COMMUNIS &#8218;Reinette Du Canada&#8216;"},"content":{"rendered":"<p>Mittelgro\u00dfe bis gro\u00dfe, Fruchte rund und ein wenig niedergeschlagen gr\u00fcne Haut, rostig. S\u00fc\u00dfer Geschmack, angenehm. Reifung Anfang Oktober. (Doppel-U Spalier verf\u00fcgbar)<\/p>\n","protected":false},"excerpt":{"rendered":"<p>Mittelgro\u00dfe bis gro\u00dfe, Fruchte rund und ein wenig niedergeschlagen gr\u00fcne Haut, rostig. S\u00fc\u00dfer Geschmack, angenehm. Reifung Anfang Oktober. (Doppel-U Spalier verf\u00fcgbar)<\/p>\n","protected":false},"featured_media":23233,"template":"","meta":{"_acf_changed":false},"product_brand":[],"product_cat":[8809],"product_tag":[10898,8736,8565,8751],"class_list":{"0":"post-29270","1":"product","2":"type-product","3":"status-publish","4":"has-post-thumbnail","6":"product_cat-obst-baeume","7":"product_tag-naturlichen","8":"product_tag-fusstamm","9":"product_tag-halbstamm","10":"product_tag-spalier","11":"pa_altezza-massima-500-de","12":"pa_altezza-massima-1000-de-2","13":"pa_arte-topiaria-verfuegbar-formgehoelze","14":"pa_colore-fioritura-weis","15":"pa_condizionamento-clt-de","16":"pa_famiglia-rosaceae-de","17":"pa_genere-malus-communis-de","18":"pa_origine-england-de","19":"pa_periodo-fioritura-april-de","20":"pa_periodo-fruttificazione-oktober","21":"pa_portamento-arrotondato-de","22":"pa_resistenza-climatica-sehr-hoch","23":"pa_resistenza-del-suolo-bestandig-gegen-kalkhaltige-boden","24":"pa_utilizzo-kleine-gaerten","26":"first","27":"instock","28":"purchasable","29":"product-type-simple"},"acf":[],"_links":{"self":[{"href":"https:\/\/innocentiemangonipiante.it\/de\/wp-json\/wp\/v2\/product\/29270","targetHints":{"allow":["GET"]}}],"collection":[{"href":"https:\/\/innocentiemangonipiante.it\/de\/wp-json\/wp\/v2\/product"}],"about":[{"href":"https:\/\/innocentiemangonipiante.it\/de\/wp-json\/wp\/v2\/types\/product"}],"wp:featuredmedia":[{"embeddable":true,"href":"https:\/\/innocentiemangonipiante.it\/de\/wp-json\/wp\/v2\/media\/23233"}],"wp:attachment":[{"href":"https:\/\/innocentiemangonipiante.it\/de\/wp-json\/wp\/v2\/media?parent=29270"}],"wp:term":[{"taxonomy":"product_brand","embeddable":true,"href":"https:\/\/innocentiemangonipiante.it\/de\/wp-json\/wp\/v2\/product_brand?post=29270"},{"taxonomy":"product_cat","embeddable":true,"href":"https:\/\/innocentiemangonipiante.it\/de\/wp-json\/wp\/v2\/product_cat?post=29270"},{"taxonomy":"product_tag","embeddable":true,"href":"https:\/\/innocentiemangonipiante.it\/de\/wp-json\/wp\/v2\/product_tag?post=29270"}],"curies":[{"name":"wp","href":"https:\/\/api.w.org\/{rel}","templated":true}]}}