{"id":29282,"date":"2023-11-04T01:55:16","date_gmt":"2023-11-04T00:55:16","guid":{"rendered":"http:\/\/innocentiemangonipiante.it\/mespilus-germanica\/"},"modified":"2023-11-06T19:11:40","modified_gmt":"2023-11-06T18:11:40","slug":"mespilus-germanica","status":"publish","type":"product","link":"https:\/\/innocentiemangonipiante.it\/de\/mespilus-germanica\/","title":{"rendered":"MESPILUS germanica"},"content":{"rendered":"<p>Kleiner Baum, bekannt f\u00fcr seine essbare Fr\u00fccht, die Mispel. Wir bieten ihn hiermit in einer neuen Version als dekorativen Baum an. Die grossen, eif\u00f6rmigen, dunkelgr\u00fcnen Bl\u00e4tter, sind fast weissfarbig auf der Unterseite. Im Fr\u00fchjahr erscheinen auf den Austrieben weisse Bl\u00fcten. Im Herbst folgen rundliche, intensivorangenfarbenen Fr\u00fcchten.<\/p>\n","protected":false},"excerpt":{"rendered":"<p>Kleiner Baum, bekannt f\u00fcr seine essbare Fr\u00fccht, die Mispel. Wir bieten ihn hiermit in einer neuen Version als dekorativen Baum an. Die grossen, eif\u00f6rmigen, dunkelgr\u00fcnen Bl\u00e4tter, sind fast weissfarbig auf der Unterseite. Im Fr\u00fchjahr erscheinen auf den Austrieben weisse Bl\u00fcten. Im Herbst folgen rundliche, intensivorangenfarbenen Fr\u00fcchten.<\/p>\n","protected":false},"featured_media":23260,"template":"","meta":{"_acf_changed":false},"product_brand":[],"product_cat":[8809],"product_tag":[10898],"class_list":{"0":"post-29282","1":"product","2":"type-product","3":"status-publish","4":"has-post-thumbnail","6":"product_cat-obst-baeume","7":"product_tag-naturlichen","8":"pa_altezza-massima-400-de","9":"pa_altezza-massima-600-de","10":"pa_colore-fioritura-weis","11":"pa_famiglia-rosaceae-de","12":"pa_genere-mespilus-de","13":"pa_origine-kaukasus","14":"pa_periodo-fioritura-april-de","15":"pa_periodo-fruttificazione-oktober","16":"pa_portamento-arrotondato-de","17":"pa_resistenza-climatica-sehr-hoch","18":"pa_resistenza-del-suolo-bestandig-gegen-kalkhaltige-boden","19":"pa_resistenza-del-suolo-bestandig-gegen-trockene-boden","20":"pa_utilizzo-kleine-gaerten","21":"pa_utilizzo-parks-de","23":"first","24":"instock","25":"purchasable","26":"product-type-simple"},"acf":[],"_links":{"self":[{"href":"https:\/\/innocentiemangonipiante.it\/de\/wp-json\/wp\/v2\/product\/29282","targetHints":{"allow":["GET"]}}],"collection":[{"href":"https:\/\/innocentiemangonipiante.it\/de\/wp-json\/wp\/v2\/product"}],"about":[{"href":"https:\/\/innocentiemangonipiante.it\/de\/wp-json\/wp\/v2\/types\/product"}],"wp:featuredmedia":[{"embeddable":true,"href":"https:\/\/innocentiemangonipiante.it\/de\/wp-json\/wp\/v2\/media\/23260"}],"wp:attachment":[{"href":"https:\/\/innocentiemangonipiante.it\/de\/wp-json\/wp\/v2\/media?parent=29282"}],"wp:term":[{"taxonomy":"product_brand","embeddable":true,"href":"https:\/\/innocentiemangonipiante.it\/de\/wp-json\/wp\/v2\/product_brand?post=29282"},{"taxonomy":"product_cat","embeddable":true,"href":"https:\/\/innocentiemangonipiante.it\/de\/wp-json\/wp\/v2\/product_cat?post=29282"},{"taxonomy":"product_tag","embeddable":true,"href":"https:\/\/innocentiemangonipiante.it\/de\/wp-json\/wp\/v2\/product_tag?post=29282"}],"curies":[{"name":"wp","href":"https:\/\/api.w.org\/{rel}","templated":true}]}}