{"id":29289,"date":"2023-11-04T01:56:08","date_gmt":"2023-11-04T00:56:08","guid":{"rendered":"http:\/\/innocentiemangonipiante.it\/miscanthus-sinensis-cosmopolitan\/"},"modified":"2023-11-06T19:12:27","modified_gmt":"2023-11-06T18:12:27","slug":"miscanthus-sinensis-cosmopolitan","status":"publish","type":"product","link":"https:\/\/innocentiemangonipiante.it\/de\/miscanthus-sinensis-cosmopolitan\/","title":{"rendered":"MISCANTHUS sinensis &#8218;Cosmopolitan&#8216;"},"content":{"rendered":"<p>Es unterscheidet sich vom M. s. \u2018Cabaret\u2019 f\u00fcr die wei\u00dfgestreiften Blattr\u00e4nder.<\/p>\n","protected":false},"excerpt":{"rendered":"<p>Es unterscheidet sich vom M. s. \u2018Cabaret\u2019 f\u00fcr die wei\u00dfgestreiften Blattr\u00e4nder.<\/p>\n","protected":false},"featured_media":23275,"template":"","meta":{"_acf_changed":false},"product_brand":[],"product_cat":[8829],"product_tag":[10898],"class_list":{"0":"post-29289","1":"product","2":"type-product","3":"status-publish","4":"has-post-thumbnail","6":"product_cat-mehrjahrige-krauter","7":"product_tag-naturlichen","8":"pa_altezza-massima-100-de","9":"pa_altezza-massima-150-de","10":"pa_colore-delle-foglie-vielfaeltigen","11":"pa_colore-fioritura-rose-de","12":"pa_condizionamento-clt-de","13":"pa_famiglia-poaceae-de","14":"pa_genere-miscanthus-de","15":"pa_origine-ostasien","16":"pa_periodo-fioritura-august-de","17":"pa_periodo-fioritura-oktober","18":"pa_periodo-fioritura-september-de","19":"pa_portamento-eretto-de","20":"pa_resistenza-climatica-mittel-hoch","21":"pa_resistenza-del-suolo-bestandig-gegen-trockene-boden","22":"pa_utilizzo-balkone","23":"pa_utilizzo-kleine-gaerten","24":"pa_utilizzo-parks-de","26":"first","27":"instock","28":"purchasable","29":"product-type-simple"},"acf":[],"_links":{"self":[{"href":"https:\/\/innocentiemangonipiante.it\/de\/wp-json\/wp\/v2\/product\/29289","targetHints":{"allow":["GET"]}}],"collection":[{"href":"https:\/\/innocentiemangonipiante.it\/de\/wp-json\/wp\/v2\/product"}],"about":[{"href":"https:\/\/innocentiemangonipiante.it\/de\/wp-json\/wp\/v2\/types\/product"}],"wp:featuredmedia":[{"embeddable":true,"href":"https:\/\/innocentiemangonipiante.it\/de\/wp-json\/wp\/v2\/media\/23275"}],"wp:attachment":[{"href":"https:\/\/innocentiemangonipiante.it\/de\/wp-json\/wp\/v2\/media?parent=29289"}],"wp:term":[{"taxonomy":"product_brand","embeddable":true,"href":"https:\/\/innocentiemangonipiante.it\/de\/wp-json\/wp\/v2\/product_brand?post=29289"},{"taxonomy":"product_cat","embeddable":true,"href":"https:\/\/innocentiemangonipiante.it\/de\/wp-json\/wp\/v2\/product_cat?post=29289"},{"taxonomy":"product_tag","embeddable":true,"href":"https:\/\/innocentiemangonipiante.it\/de\/wp-json\/wp\/v2\/product_tag?post=29289"}],"curies":[{"name":"wp","href":"https:\/\/api.w.org\/{rel}","templated":true}]}}