{"id":29293,"date":"2023-11-04T01:56:20","date_gmt":"2023-11-04T00:56:20","guid":{"rendered":"http:\/\/innocentiemangonipiante.it\/miscanthus-sinensis-ferner-osten\/"},"modified":"2023-11-06T19:12:32","modified_gmt":"2023-11-06T18:12:32","slug":"miscanthus-sinensis-ferner-osten","status":"publish","type":"product","link":"https:\/\/innocentiemangonipiante.it\/de\/miscanthus-sinensis-ferner-osten\/","title":{"rendered":"MISCANTHUS sinensis &#8218;Ferner Osten&#8216;"},"content":{"rendered":"<p>Gr\u00fcne Bl\u00e4tter, rote Bl\u00fcte.<\/p>\n","protected":false},"excerpt":{"rendered":"<p>Gr\u00fcne Bl\u00e4tter, rote Bl\u00fcte.<\/p>\n","protected":false},"featured_media":23287,"template":"","meta":{"_acf_changed":false},"product_brand":[],"product_cat":[8829],"product_tag":[10898],"class_list":{"0":"post-29293","1":"product","2":"type-product","3":"status-publish","4":"has-post-thumbnail","6":"product_cat-mehrjahrige-krauter","7":"product_tag-naturlichen","8":"pa_altezza-massima-100-de","9":"pa_altezza-massima-150-de","10":"pa_colore-fioritura-rot","11":"pa_condizionamento-clt-de","12":"pa_famiglia-poaceae-de","13":"pa_genere-miscanthus-de","14":"pa_origine-ostasien","15":"pa_periodo-fioritura-oktober","16":"pa_periodo-fioritura-september-de","17":"pa_portamento-eretto-de","18":"pa_resistenza-climatica-mittel-hoch","19":"pa_utilizzo-balkone","20":"pa_utilizzo-kleine-gaerten","21":"pa_utilizzo-parks-de","23":"first","24":"instock","25":"purchasable","26":"product-type-simple"},"acf":[],"_links":{"self":[{"href":"https:\/\/innocentiemangonipiante.it\/de\/wp-json\/wp\/v2\/product\/29293","targetHints":{"allow":["GET"]}}],"collection":[{"href":"https:\/\/innocentiemangonipiante.it\/de\/wp-json\/wp\/v2\/product"}],"about":[{"href":"https:\/\/innocentiemangonipiante.it\/de\/wp-json\/wp\/v2\/types\/product"}],"wp:featuredmedia":[{"embeddable":true,"href":"https:\/\/innocentiemangonipiante.it\/de\/wp-json\/wp\/v2\/media\/23287"}],"wp:attachment":[{"href":"https:\/\/innocentiemangonipiante.it\/de\/wp-json\/wp\/v2\/media?parent=29293"}],"wp:term":[{"taxonomy":"product_brand","embeddable":true,"href":"https:\/\/innocentiemangonipiante.it\/de\/wp-json\/wp\/v2\/product_brand?post=29293"},{"taxonomy":"product_cat","embeddable":true,"href":"https:\/\/innocentiemangonipiante.it\/de\/wp-json\/wp\/v2\/product_cat?post=29293"},{"taxonomy":"product_tag","embeddable":true,"href":"https:\/\/innocentiemangonipiante.it\/de\/wp-json\/wp\/v2\/product_tag?post=29293"}],"curies":[{"name":"wp","href":"https:\/\/api.w.org\/{rel}","templated":true}]}}